{"id":217500,"date":"2019-04-12T10:42:59","date_gmt":"2019-04-12T08:42:59","guid":{"rendered":"https:\/\/brisasol.com\/politica-privacidad\/"},"modified":"2021-10-17T20:52:44","modified_gmt":"2021-10-17T18:52:44","slug":"politica-privacidad","status":"publish","type":"page","link":"https:\/\/brisasol.com\/ca\/pol%C3%ADtica-de-privacitat","title":{"rendered":"Pol\u00edtica de privacitat"},"content":{"rendered":"<p>Als efectes del que disposa el Reglament Europeu de Protecci\u00f3 de Dades, FINQUES Brisasol, S.L. l&#8217;informem que en determinades \u00e0rees de la nostra web se sol\u00b7licita a l&#8217;usuari una s\u00e8rie de dades de car\u00e0cter personal.<\/p>\n<p>L&#8217;usuari sempre t\u00e9 l&#8217;opci\u00f3 d&#8217;acceptar o rebutjar les condicions legals sota les quals facilitar\u00e0 aquestes dades. Es considera aquesta acceptaci\u00f3 com a consentiment informat, i autoritza expressament el tractament amb les seg\u00fcents caracter\u00edstiques:<\/p>\n<h2><\/h2>\n<h2>INFORMACI\u00d3 B\u00c0SICA SOBRE PROTECCI\u00d3 DE DADES<\/h2>\n<p><strong>Benvingut a la p\u00e0gina web de les entitats FINQUES Brisasol, S.L. i CODASER 3000, S.L., entitats que formen part de el grup Brisasol.<\/strong><\/p>\n<p><strong>La protecci\u00f3 de les dades personals que ens confia \u00e9s de vital import\u00e0ncia per al nostre grup. Per tal motiu volem explicar-li com tractem les seves dades quan ens les facilita en el marc d&#8217;aquesta p\u00e0gina.<\/strong><\/p>\n<p><strong>Responsable de el fitxer<\/strong><br \/>\nLes dades que ens faciliti per mitj\u00e0 d&#8217;aquesta p\u00e0gina s&#8217;incorporaran a un fitxer com\u00fa, titularitat de FINQUES Brisasol, S.L. i CODASER 3000, S.L.<\/p>\n<p><strong>Domicili de l&#8217;responsable<\/strong><br \/>\nAV. ANDORRA, 18, ESC. 20 PLANTA BJ. 43840. SALOU. TARRAGONA<\/p>\n<p><strong>Finalitat<\/strong><br \/>\nEs detallen a continuaci\u00f3 les diferents finalitats amb qu\u00e8 es poden tractar les seves dades de car\u00e0cter personal:<\/p>\n<p>Per part de FINQUES Brisasol, S.L .:<br \/>\n&#8211; Administraci\u00f3 de finques.<br \/>\n&#8211; Intermediaci\u00f3 immobili\u00e0ria.<\/p>\n<p><strong>Per part de CODASER 3000, S.L .:<\/strong><br \/>\n&#8211; Assessorament i intermediaci\u00f3 en la contractaci\u00f3 d&#8217;assegurances.<\/p>\n<p><strong>Legitimaci\u00f3<\/strong><br \/>\nConsentiment de l&#8217;afectat o execuci\u00f3 de contractes.<\/p>\n<p><strong>Destinataris de cessions de dades<\/strong><br \/>\nLes dades que ens faciliti no seran objecte de cessi\u00f3, excepte en els sup\u00f2sits en qu\u00e8 aix\u00ed es trobi previst per la llei o la mateixa es realitzi en execuci\u00f3 d&#8217;un contracte.<\/p>\n<p><strong>Drets<\/strong><br \/>\nAcc\u00e9s, rectificaci\u00f3, supressi\u00f3 i oposici\u00f3 a el tractament de dades.<\/p>\n<p><strong>Informaci\u00f3 addicional<\/strong><br \/>\nPot sol\u00b7licitar informaci\u00f3 addicional i detallada sobre Protecci\u00f3 de Dades a l&#8217;adre\u00e7a de correu electr\u00f2nic que figura a les nostres dades de contacte. Tamb\u00e9 pot consultar informaci\u00f3 addicional.<\/p>\n\n    <div class=\"xs_social_share_widget xs_share_url after_content \t\tmain_content  wslu-style-1 wslu-share-box-shaped wslu-fill-colored wslu-none wslu-share-horizontal wslu-theme-font-no wslu-main_content\">\n\n\t\t\n        <ul>\n\t\t\t        <\/ul>\n    <\/div> \n","protected":false},"excerpt":{"rendered":"<p>Als efectes del que disposa el Reglament Europeu de Protecci\u00f3 de Dades, FINQUES Brisasol, S.L. l&#8217;informem que en determinades \u00e0rees de la nostra web se sol\u00b7licita a l&#8217;usuari una s\u00e8rie de dades de car\u00e0cter personal. L&#8217;usuari sempre t\u00e9 l&#8217;opci\u00f3 d&#8217;acceptar o rebutjar les condicions legals sota les quals facilitar\u00e0 aquestes dades. Es considera aquesta acceptaci\u00f3 [&hellip;]<\/p>\n","protected":false},"author":1,"featured_media":0,"parent":0,"menu_order":0,"comment_status":"closed","ping_status":"open","template":"","meta":{"footnotes":""},"acf":[],"_links":{"self":[{"href":"https:\/\/brisasol.com\/ca\/wp-json\/wp\/v2\/pages\/217500"}],"collection":[{"href":"https:\/\/brisasol.com\/ca\/wp-json\/wp\/v2\/pages"}],"about":[{"href":"https:\/\/brisasol.com\/ca\/wp-json\/wp\/v2\/types\/page"}],"author":[{"embeddable":true,"href":"https:\/\/brisasol.com\/ca\/wp-json\/wp\/v2\/users\/1"}],"replies":[{"embeddable":true,"href":"https:\/\/brisasol.com\/ca\/wp-json\/wp\/v2\/comments?post=217500"}],"version-history":[{"count":0,"href":"https:\/\/brisasol.com\/ca\/wp-json\/wp\/v2\/pages\/217500\/revisions"}],"wp:attachment":[{"href":"https:\/\/brisasol.com\/ca\/wp-json\/wp\/v2\/media?parent=217500"}],"curies":[{"name":"wp","href":"https:\/\/api.w.org\/{rel}","templated":true}]}}