{"id":217510,"date":"2021-07-03T10:04:51","date_gmt":"2021-07-03T08:04:51","guid":{"rendered":"https:\/\/brisasol.com\/politica-de-cookies\/"},"modified":"2021-10-17T20:59:17","modified_gmt":"2021-10-17T18:59:17","slug":"politica-de-cookies","status":"publish","type":"page","link":"https:\/\/brisasol.com\/ca\/politica-de-cookies\/","title":{"rendered":"Pol\u00edtica de cookies"},"content":{"rendered":"<p>Les cookies s\u00f3n fitxers que es descarreguen en el seu ordinador a l&#8217;accedir a determinades p\u00e0gines web. Les cookies faciliten a una p\u00e0gina web emmagatzemar i recuperar informaci\u00f3 sobre els h\u00e0bits de navegaci\u00f3 d&#8217;un client o del seu i, depenent de la informaci\u00f3 que continguin i de la forma en qu\u00e8 s&#8217;utilitzi el seu equip, poden servir per recon\u00e8ixer-ho.<\/p>\n<p>No obstant aix\u00f2, aquests mitjans nom\u00e9s obtenen informaci\u00f3 relacionada amb el nombre de p\u00e0gines visites, la ciutat a la qual est\u00e0 assignada l&#8217;adre\u00e7a IP des de la qual s&#8217;accedeix, el nombre de nous usuaris, la freq\u00fc\u00e8ncia i reincid\u00e8ncia de les visites, el temps de visita , el navegador o l&#8217;operador o tipus de terminal des del qual es realitza la visita. En cap cas s&#8217;obtenen dades sobre el nom, cognoms, adre\u00e7a postal o altres dades an\u00e0legs de l&#8217;usuari que s&#8217;ha connectat.<\/p>\n<p>Les cookies utilitzades en aquesta p\u00e0gina web s\u00f3n les que genera Google Analitycs, sent la denominaci\u00f3 i la concreta finalitat de cadascuna d&#8217;elles les seg\u00fcents:<\/p>\n<p>__utma: Caduca 2 anys des de l&#8217;\u00faltima actualitzaci\u00f3. Aquesta galeta genera un ID d&#8217;usuari \u00fanic i registra la data, la primera i l&#8217;\u00faltima vegada que l&#8217;usuari va vestir la web. S&#8217;utilitza per fer recompte de quantes vegades visita el lloc un usuari \u00fanic.<br \/>\n__utmb: Caduca als 30 minuts de l&#8217;\u00faltima actualitzaci\u00f3. Aquesta galeta registra l&#8217;hora d&#8217;arribada a la p\u00e0gina i caduca als 30 minuts de l&#8217;\u00faltim registre de p\u00e0gina vista. S&#8217;elimina autom\u00e0ticament a l&#8217;canviar de web o a l&#8217;tancar el navegador. Serveix per calcular el temps que un usuari roman en una p\u00e0gina.<br \/>\n__utmc: Aquesta galeta t\u00e9 una finalitat similar a l&#8217;anterior per\u00f2 per a les webs on est\u00e0 instal\u00b7lat l&#8217;antic codi de seguiment urchin.js.<br \/>\n__utmz: Caduca als 6 mesos. Aquesta galeta emmagatzema l&#8217;origen de l&#8217;visitant, el cam\u00ed que ha seguit per accedir a la web ja sigui acc\u00e9s directe, des d&#8217;un link en una altra web, des d&#8217;un enlla\u00e7 de correu electr\u00f2nic, emprant determinades paraules clau en un motor de cerca, a trav\u00e9s d&#8217; una campanya de display, o per mitj\u00e0 d&#8217;un anunci d&#8217;AdWords. Aquesta galeta s&#8217;utilitza per calcular el tr\u00e0nsit que prov\u00e9 de motors de cerca (org\u00e0nic i PPC), les campanyes publicit\u00e0ries en pantalla i la navegaci\u00f3 dins de la mateixa web (enlla\u00e7os interns). La galeta s&#8217;actualitza en cada visita a la web.<br \/>\ntext: Aquesta galeta s&#8217;encarrega de determinar si ja s&#8217;ha llegit la Pol\u00edtica de Cookies i s&#8217;ha acceptat expressament el seu \u00fas; d&#8217;aquesta manera, la informaci\u00f3 sobre elles no apareixer\u00e0 de nou en les successives visites a la web.<\/p>\n<p>Pot vost\u00e8 permetre, bloquejar o eliminar les cookies instal\u00b7lades en el seu equip mitjan\u00e7ant la configuraci\u00f3 de les opcions del seu navegador. Podeu trobar informaci\u00f3 sobre com fer-ho, en relaci\u00f3 amb els navegadors m\u00e9s comuns, en els links que s&#8217;inclouen a continuaci\u00f3:<\/p>\n<p>Explorer: <a href=\"https:\/\/support.microsoft.com\/es-es\/help\/17442\/windows-internet-explorer-delete-manage-cookies\">https:\/\/support.microsoft.com\/es-es\/help\/17442\/windows-internet-explorer-delete-manage-cookies<\/a><br \/>\nFirefox: <a href=\"https:\/\/support.mozilla.org\/es\/kb\/habilitar-y-deshabilitar-cookies-sitios-web-rastrear-preferencias\">https:\/\/support.mozilla.org\/es\/kb\/habilitar-y-deshabilitar-cookies-sitios-web-rastrear-preferencias<\/a><br \/>\nChrome: <a href=\"http:\/\/support.google.com\/chrome\/bin\/answer.py?hl=es&amp;answer=95647\">http:\/\/support.google.com\/chrome\/bin\/answer.py?hl=es&amp;answer=95647<\/a><br \/>\nSafari: <a href=\"http:\/\/support.apple.com\/kb\/ph5042\">http:\/\/support.apple.com\/kb\/ph5042<\/a><\/p>\n<p>L&#8217;informem, per\u00f2, de la possibilitat de que la desactivaci\u00f3 d&#8217;alguna galeta impedeixi o dificulti la navegaci\u00f3 o la prestaci\u00f3 dels serveis oferts en aquesta web.<\/p>\n\n    <div class=\"xs_social_share_widget xs_share_url after_content \t\tmain_content  wslu-style-1 wslu-share-box-shaped wslu-fill-colored wslu-none wslu-share-horizontal wslu-theme-font-no wslu-main_content\">\n\n\t\t\n        <ul>\n\t\t\t        <\/ul>\n    <\/div> \n","protected":false},"excerpt":{"rendered":"<p>Les cookies s\u00f3n fitxers que es descarreguen en el seu ordinador a l&#8217;accedir a determinades p\u00e0gines web. Les cookies faciliten a una p\u00e0gina web emmagatzemar i recuperar informaci\u00f3 sobre els h\u00e0bits de navegaci\u00f3 d&#8217;un client o del seu i, depenent de la informaci\u00f3 que continguin i de la forma en qu\u00e8 s&#8217;utilitzi el seu equip, [&hellip;]<\/p>\n","protected":false},"author":5,"featured_media":0,"parent":0,"menu_order":0,"comment_status":"closed","ping_status":"closed","template":"","meta":{"footnotes":""},"acf":[],"_links":{"self":[{"href":"https:\/\/brisasol.com\/ca\/wp-json\/wp\/v2\/pages\/217510"}],"collection":[{"href":"https:\/\/brisasol.com\/ca\/wp-json\/wp\/v2\/pages"}],"about":[{"href":"https:\/\/brisasol.com\/ca\/wp-json\/wp\/v2\/types\/page"}],"author":[{"embeddable":true,"href":"https:\/\/brisasol.com\/ca\/wp-json\/wp\/v2\/users\/5"}],"replies":[{"embeddable":true,"href":"https:\/\/brisasol.com\/ca\/wp-json\/wp\/v2\/comments?post=217510"}],"version-history":[{"count":0,"href":"https:\/\/brisasol.com\/ca\/wp-json\/wp\/v2\/pages\/217510\/revisions"}],"wp:attachment":[{"href":"https:\/\/brisasol.com\/ca\/wp-json\/wp\/v2\/media?parent=217510"}],"curies":[{"name":"wp","href":"https:\/\/api.w.org\/{rel}","templated":true}]}}