{"id":217518,"date":"2021-07-03T10:13:13","date_gmt":"2021-07-03T08:13:13","guid":{"rendered":"https:\/\/brisasol.com\/aviso-legal\/"},"modified":"2021-10-17T21:06:53","modified_gmt":"2021-10-17T19:06:53","slug":"aviso-legal","status":"publish","type":"page","link":"https:\/\/brisasol.com\/ca\/avis-legal","title":{"rendered":"Av\u00eds Legal"},"content":{"rendered":"<p>La utilitzaci\u00f3 d&#8217;aquest lloc web aix\u00ed com de qualsevol dels seus serveis implica la lectura, comprensi\u00f3 i acceptaci\u00f3 de el present av\u00eds legal per part de l&#8217;usuari.<\/p>\n<p>En compliment del que estableix la Llei 34\/2002, de 11 de juliol, de Serveis de la Societat de la Informaci\u00f3 i el Comer\u00e7 Electr\u00f2nic, s&#8217;informa dels seg\u00fcents aspectes:<\/p>\n<ul>\n<li>Responsable del lloc web: FINQUES Brisasol, S.L. i CODASER 3000. S.L.<\/li>\n<li>Direcci\u00f3: AV. ANDORRA, 18, ESC. 20 PLANTA BJ. 43840. SALOU. TARRAGONA.<\/li>\n<li>E-mail de contacte: brisasol@brisasol.com<\/li>\n<li>NIF \/ CIF: B61612289 i B-43.122.795, respectivament.<\/li>\n<li>El \/ la titular de l&#8217;despatx \u00e9s JOAQUIM Cristi\u00e0 OLIVA, administrador \/ a de Finques, col\u00b7legiat \/ da a l&#8217;Il\u00b7lustre. Col\u00b7legi d&#8217;Administradors de Finques de TARRAGONA amb n\u00famero de col\u00b7legiaci\u00f3 781.<\/li>\n<li>CODASER 3000, S.L. \u00e9s una entitat dedicada a la mediaci\u00f3 d&#8217;assegurances, inscrita al Registre de Mediadors d&#8217;Assegurances i Reassegurances, amb clau de Registre AJ0135<\/li>\n<\/ul>\n<p>L&#8217;Usuari accepta volunt\u00e0ria i expressament que l&#8217;\u00fas del Lloc www.brisasol.com es realitza en tot cas sota la seva \u00fanica i exclusiva responsabilitat.<\/p>\n<p>En la utilitzaci\u00f3 del Lloc www.brisasol.com, l&#8217;Usuari es compromet a no dur a terme cap conducta que pogu\u00e9s danyar la imatge, els interessos i els drets de la p\u00e0gina web o de tercers o que pogu\u00e9s danyar-lo, inutilitzar o sobrecarregar, o que imped\u00eds, de qualsevol forma, la normal utilitzaci\u00f3 del mateix.<\/p>\n<p>Els Continguts del Lloc www.brisasol.com s\u00f3n posats a disposici\u00f3 de l&#8217;Usuari per FINQUES Brisasol, S.L., aix\u00ed com per CODASER 3000, S.L. amb informaci\u00f3 procedent tant de fonts pr\u00f2pies com de tercers.<\/p>\n<p>www.brisasol.com procura que els Continguts siguin de la major qualitat possible i estiguin raonablement actualitzats, per\u00f2 FINQUES Brisasol, S.L. i CODASER, 3000, S.L. no garanteixen la utilitat, exactitud, exhaustivitat, pertin\u00e8ncia i \/ o actualitat dels continguts.<\/p>\n<p>Mitjan\u00e7ant aquestes Condicions Generals no es cedeix cap dret de propietat intel\u00b7lectual o industrial sobre el lloc www.brisasol.com ni sobre cap dels seus elements integrants, quedant expressament prohibits a l&#8217;Usuari la reproducci\u00f3, transformaci\u00f3, distribuci\u00f3, comunicaci\u00f3 p\u00fablica, posada a disposici\u00f3, extracci\u00f3 , reutilitzaci\u00f3, reenviament o la utilitzaci\u00f3 de qualsevol naturalesa, per qualsevol mitj\u00e0 o procediment, de qualsevol d&#8217;ells, llevat dels casos en qu\u00e8 estigui legalment perm\u00e8s o sigui autoritzat pel titular dels corresponents drets.<\/p>\n<p>Aquestes Condicions Generals es regeixen per la Llei espanyola.<\/p>\n\n    <div class=\"xs_social_share_widget xs_share_url after_content \t\tmain_content  wslu-style-1 wslu-share-box-shaped wslu-fill-colored wslu-none wslu-share-horizontal wslu-theme-font-no wslu-main_content\">\n\n\t\t\n        <ul>\n\t\t\t        <\/ul>\n    <\/div> \n","protected":false},"excerpt":{"rendered":"<p>La utilitzaci\u00f3 d&#8217;aquest lloc web aix\u00ed com de qualsevol dels seus serveis implica la lectura, comprensi\u00f3 i acceptaci\u00f3 de el present av\u00eds legal per part de l&#8217;usuari. En compliment del que estableix la Llei 34\/2002, de 11 de juliol, de Serveis de la Societat de la Informaci\u00f3 i el Comer\u00e7 Electr\u00f2nic, s&#8217;informa dels seg\u00fcents aspectes: [&hellip;]<\/p>\n","protected":false},"author":5,"featured_media":0,"parent":0,"menu_order":0,"comment_status":"closed","ping_status":"closed","template":"","meta":{"footnotes":""},"acf":[],"_links":{"self":[{"href":"https:\/\/brisasol.com\/ca\/wp-json\/wp\/v2\/pages\/217518"}],"collection":[{"href":"https:\/\/brisasol.com\/ca\/wp-json\/wp\/v2\/pages"}],"about":[{"href":"https:\/\/brisasol.com\/ca\/wp-json\/wp\/v2\/types\/page"}],"author":[{"embeddable":true,"href":"https:\/\/brisasol.com\/ca\/wp-json\/wp\/v2\/users\/5"}],"replies":[{"embeddable":true,"href":"https:\/\/brisasol.com\/ca\/wp-json\/wp\/v2\/comments?post=217518"}],"version-history":[{"count":0,"href":"https:\/\/brisasol.com\/ca\/wp-json\/wp\/v2\/pages\/217518\/revisions"}],"wp:attachment":[{"href":"https:\/\/brisasol.com\/ca\/wp-json\/wp\/v2\/media?parent=217518"}],"curies":[{"name":"wp","href":"https:\/\/api.w.org\/{rel}","templated":true}]}}