{"id":563006,"date":"2021-12-28T14:08:27","date_gmt":"2021-12-28T13:08:27","guid":{"rendered":"https:\/\/brisasol.com\/vacaciones\/apartamentos-en-cambrils\/"},"modified":"2022-01-14T21:16:25","modified_gmt":"2022-01-14T20:16:25","slug":"apartamentos-en-cambrils","status":"publish","type":"page","link":"https:\/\/brisasol.com\/ca\/vacances\/apartaments-cambrils\/","title":{"rendered":"Apartaments Cambrils"},"content":{"rendered":"\t\t<div data-elementor-type=\"wp-page\" data-elementor-id=\"563006\" class=\"elementor elementor-563006 elementor-562984\">\n\t\t\t\t\t\t\t\t\t<section class=\"elementor-section elementor-top-section elementor-element elementor-element-c070587 elementor-section-full_width elementor-section-stretched elementor-section-height-default elementor-section-height-default\" data-id=\"c070587\" data-element_type=\"section\" data-settings=\"{&quot;stretch_section&quot;:&quot;section-stretched&quot;,&quot;ekit_has_onepagescroll_dot&quot;:&quot;yes&quot;}\">\n\t\t\t\t\t\t<div class=\"elementor-container elementor-column-gap-default\">\n\t\t\t\t\t<div class=\"elementor-column elementor-col-50 elementor-top-column elementor-element elementor-element-e66de50\" data-id=\"e66de50\" data-element_type=\"column\" data-settings=\"{&quot;background_background&quot;:&quot;classic&quot;}\">\n\t\t\t<div class=\"elementor-widget-wrap elementor-element-populated\">\n\t\t\t\t\t<div class=\"elementor-background-overlay\"><\/div>\n\t\t\t\t\t\t\t\t<div class=\"elementor-element elementor-element-74d4aea elementor-widget elementor-widget-heading\" data-id=\"74d4aea\" data-element_type=\"widget\" data-settings=\"{&quot;ekit_we_effect_on&quot;:&quot;none&quot;}\" data-widget_type=\"heading.default\">\n\t\t\t\t<div class=\"elementor-widget-container\">\n\t\t\t<h2 class=\"elementor-heading-title elementor-size-default\">Apartaments Cambrils<\/h2>\t\t<\/div>\n\t\t\t\t<\/div>\n\t\t\t\t\t<\/div>\n\t\t<\/div>\n\t\t\t\t<div class=\"elementor-column elementor-col-50 elementor-top-column elementor-element elementor-element-493fe5b\" data-id=\"493fe5b\" data-element_type=\"column\">\n\t\t\t<div class=\"elementor-widget-wrap elementor-element-populated\">\n\t\t\t\t\t\t\t\t<div class=\"elementor-element elementor-element-eae0b3a elementor-widget elementor-widget-text-editor\" data-id=\"eae0b3a\" data-element_type=\"widget\" data-settings=\"{&quot;ekit_we_effect_on&quot;:&quot;none&quot;}\" data-widget_type=\"text-editor.default\">\n\t\t\t\t<div class=\"elementor-widget-container\">\n\t\t\t\t\t\t\t<p><span style=\"font-size: 13.5pt; color: black;\">Cambrils \u00e9s una de les zones m\u00e9s privilegiades de la Costa Daurada i una de les destinacions tur\u00edstiques m\u00e9s importants del mediterrani. Amb m\u00e9s de 7 km de platges, \u00e9s ideal per a les fam\u00edlies que desitgen passar unes vacances en un entorn tranquil. \u00a0 <\/span><\/p>\n<p><span style=\"font-size: 13.5pt; color: black;\">En Brisasol Rentalmar disposem d&#8217;una \u00e0mplia oferta d&#8217;apartaments de lloguer tur\u00edstic perqu\u00e8 pugueu aprofitar al m\u00e0xim les vostres vacances.\u00a0<\/span><\/p>\n\t\t\t\t\t\t<\/div>\n\t\t\t\t<\/div>\n\t\t\t\t\t<\/div>\n\t\t<\/div>\n\t\t\t\t\t\t\t<\/div>\n\t\t<\/section>\n\t\t\t\t<section class=\"elementor-section elementor-top-section elementor-element elementor-element-27a26b6 elementor-section-boxed elementor-section-height-default elementor-section-height-default\" data-id=\"27a26b6\" data-element_type=\"section\" data-settings=\"{&quot;ekit_has_onepagescroll_dot&quot;:&quot;yes&quot;}\">\n\t\t\t\t\t\t<div class=\"elementor-container elementor-column-gap-default\">\n\t\t\t\t\t<div class=\"elementor-column elementor-col-33 elementor-top-column elementor-element elementor-element-04a9d4b\" data-id=\"04a9d4b\" data-element_type=\"column\">\n\t\t\t<div class=\"elementor-widget-wrap elementor-element-populated\">\n\t\t\t\t\t\t\t\t<div class=\"elementor-element elementor-element-99a3837 elementor-position-top elementor-widget elementor-widget-image-box\" data-id=\"99a3837\" data-element_type=\"widget\" data-settings=\"{&quot;ekit_we_effect_on&quot;:&quot;none&quot;}\" data-widget_type=\"image-box.default\">\n\t\t\t\t<div class=\"elementor-widget-container\">\n\t\t\t<div class=\"elementor-image-box-wrapper\"><figure class=\"elementor-image-box-img\"><img fetchpriority=\"high\" decoding=\"async\" width=\"600\" height=\"400\" src=\"https:\/\/brisasol.com\/wp-content\/uploads\/2022\/01\/Cambrils-Sol-de-Espana.png\" class=\"elementor-animation-grow attachment-full size-full wp-image-671909\" alt=\"\" \/><\/figure><div class=\"elementor-image-box-content\"><h3 class=\"elementor-image-box-title\">Apartaments Sol de Espa\u00f1a<\/h3><p class=\"elementor-image-box-description\">L'edifici Sol d'Espanya Rentalmar gaudeix d'una ubicaci\u00f3 estrat\u00e8gica en Vilafortuny, entre Salou i Cambrils. En primera l\u00ednia de platja, s\u00f3n uns apartaments ideals per a descansar i gaudir d'unes vacances tranquil\u00b7les i familiars.<\/p><\/div><\/div>\t\t<\/div>\n\t\t\t\t<\/div>\n\t\t\t\t<div class=\"elementor-element elementor-element-5147ef9 elementor-align-center elementor-widget elementor-widget-button\" data-id=\"5147ef9\" data-element_type=\"widget\" data-settings=\"{&quot;ekit_we_effect_on&quot;:&quot;none&quot;}\" data-widget_type=\"button.default\">\n\t\t\t\t<div class=\"elementor-widget-container\">\n\t\t\t\t\t<div class=\"elementor-button-wrapper\">\n\t\t\t<a class=\"elementor-button elementor-button-link elementor-size-xs\" href=\"http:\/\/www.apartamentos-cambrils.es\/ca\/\" target=\"_blank\">\n\t\t\t\t\t\t<span class=\"elementor-button-content-wrapper\">\n\t\t\t\t\t\t<span class=\"elementor-button-text\">M\u00e9s informaci\u00f3 i reserves<\/span>\n\t\t<\/span>\n\t\t\t\t\t<\/a>\n\t\t<\/div>\n\t\t\t\t<\/div>\n\t\t\t\t<\/div>\n\t\t\t\t\t<\/div>\n\t\t<\/div>\n\t\t\t\t<div class=\"elementor-column elementor-col-33 elementor-top-column elementor-element elementor-element-fc4fad1\" data-id=\"fc4fad1\" data-element_type=\"column\">\n\t\t\t<div class=\"elementor-widget-wrap elementor-element-populated\">\n\t\t\t\t\t\t\t\t<div class=\"elementor-element elementor-element-ba15702 elementor-position-top elementor-widget elementor-widget-image-box\" data-id=\"ba15702\" data-element_type=\"widget\" data-settings=\"{&quot;ekit_we_effect_on&quot;:&quot;none&quot;}\" data-widget_type=\"image-box.default\">\n\t\t\t\t<div class=\"elementor-widget-container\">\n\t\t\t<div class=\"elementor-image-box-wrapper\"><figure class=\"elementor-image-box-img\"><img decoding=\"async\" width=\"600\" height=\"400\" src=\"https:\/\/brisasol.com\/wp-content\/uploads\/2022\/01\/Cambrils-Pins-Marina.jpg\" class=\"elementor-animation-grow attachment-full size-full wp-image-671807\" alt=\"\" \/><\/figure><div class=\"elementor-image-box-content\"><h3 class=\"elementor-image-box-title\">Apartaments Pins Marina<\/h3><p class=\"elementor-image-box-description\">A escassos metres de la platja i en una zona tranquil\u00b7la i familiar, els Apartaments Pins Marina s\u00f3n ideals per a gaudir de la mar, o practicar esports en la zona del passeig mar\u00edtim que uneix Salou i Cambrils. Disposa de comer\u00e7os, bars i restaurants pr\u00f2xims i est\u00e0 molt ben comunicat amb transport p\u00fablic.<\/p><\/div><\/div>\t\t<\/div>\n\t\t\t\t<\/div>\n\t\t\t\t<div class=\"elementor-element elementor-element-2cabcad elementor-align-center elementor-widget elementor-widget-button\" data-id=\"2cabcad\" data-element_type=\"widget\" data-settings=\"{&quot;ekit_we_effect_on&quot;:&quot;none&quot;}\" data-widget_type=\"button.default\">\n\t\t\t\t<div class=\"elementor-widget-container\">\n\t\t\t\t\t<div class=\"elementor-button-wrapper\">\n\t\t\t<a class=\"elementor-button elementor-button-link elementor-size-xs\" href=\"https:\/\/www.pinsmarinacambrils.com\/ca\/\" target=\"_blank\">\n\t\t\t\t\t\t<span class=\"elementor-button-content-wrapper\">\n\t\t\t\t\t\t<span class=\"elementor-button-text\">M\u00e9s informaci\u00f3 i reserves<\/span>\n\t\t<\/span>\n\t\t\t\t\t<\/a>\n\t\t<\/div>\n\t\t\t\t<\/div>\n\t\t\t\t<\/div>\n\t\t\t\t\t<\/div>\n\t\t<\/div>\n\t\t\t\t<div class=\"elementor-column elementor-col-33 elementor-top-column elementor-element elementor-element-eaee4c4\" data-id=\"eaee4c4\" data-element_type=\"column\">\n\t\t\t<div class=\"elementor-widget-wrap elementor-element-populated\">\n\t\t\t\t\t\t\t\t<div class=\"elementor-element elementor-element-2327893 elementor-position-top elementor-widget elementor-widget-image-box\" data-id=\"2327893\" data-element_type=\"widget\" data-settings=\"{&quot;ekit_we_effect_on&quot;:&quot;none&quot;}\" data-widget_type=\"image-box.default\">\n\t\t\t\t<div class=\"elementor-widget-container\">\n\t\t\t<div class=\"elementor-image-box-wrapper\"><figure class=\"elementor-image-box-img\"><img decoding=\"async\" width=\"600\" height=\"400\" src=\"https:\/\/brisasol.com\/wp-content\/uploads\/2022\/01\/Cambrils-Costa-Verde.png\" class=\"elementor-animation-grow attachment-full size-full wp-image-671919\" alt=\"\" \/><\/figure><div class=\"elementor-image-box-content\"><h3 class=\"elementor-image-box-title\">Costa Verde<\/h3><p class=\"elementor-image-box-description\">Apartaments situats en ple cor de la Costa Daurada, entre Cambrils i Salou a tan sols 50 metres de les meravelloses platges de sorra fina i orada que envolten l'entorn.<\/p><\/div><\/div>\t\t<\/div>\n\t\t\t\t<\/div>\n\t\t\t\t<div class=\"elementor-element elementor-element-5257053 elementor-align-center elementor-widget elementor-widget-button\" data-id=\"5257053\" data-element_type=\"widget\" data-settings=\"{&quot;ekit_we_effect_on&quot;:&quot;none&quot;}\" data-widget_type=\"button.default\">\n\t\t\t\t<div class=\"elementor-widget-container\">\n\t\t\t\t\t<div class=\"elementor-button-wrapper\">\n\t\t\t<a class=\"elementor-button elementor-button-link elementor-size-xs\" href=\"https:\/\/www.apartamentoscostaverde.com\/ca\/\" target=\"_blank\">\n\t\t\t\t\t\t<span class=\"elementor-button-content-wrapper\">\n\t\t\t\t\t\t<span class=\"elementor-button-text\">M\u00e9s informaci\u00f3 i reserves<\/span>\n\t\t<\/span>\n\t\t\t\t\t<\/a>\n\t\t<\/div>\n\t\t\t\t<\/div>\n\t\t\t\t<\/div>\n\t\t\t\t\t<\/div>\n\t\t<\/div>\n\t\t\t\t\t\t\t<\/div>\n\t\t<\/section>\n\t\t\t\t<section class=\"elementor-section elementor-top-section elementor-element elementor-element-7755db6 elementor-section-boxed elementor-section-height-default elementor-section-height-default\" data-id=\"7755db6\" data-element_type=\"section\" data-settings=\"{&quot;ekit_has_onepagescroll_dot&quot;:&quot;yes&quot;}\">\n\t\t\t\t\t\t<div class=\"elementor-container elementor-column-gap-default\">\n\t\t\t\t\t<div class=\"elementor-column elementor-col-100 elementor-top-column elementor-element elementor-element-ab97670\" data-id=\"ab97670\" data-element_type=\"column\">\n\t\t\t<div class=\"elementor-widget-wrap elementor-element-populated\">\n\t\t\t\t\t\t\t\t<div class=\"elementor-element elementor-element-e1f4da5 elementor-widget elementor-widget-spacer\" data-id=\"e1f4da5\" data-element_type=\"widget\" data-settings=\"{&quot;ekit_we_effect_on&quot;:&quot;none&quot;}\" data-widget_type=\"spacer.default\">\n\t\t\t\t<div class=\"elementor-widget-container\">\n\t\t\t\t\t<div class=\"elementor-spacer\">\n\t\t\t<div class=\"elementor-spacer-inner\"><\/div>\n\t\t<\/div>\n\t\t\t\t<\/div>\n\t\t\t\t<\/div>\n\t\t\t\t\t<\/div>\n\t\t<\/div>\n\t\t\t\t\t\t\t<\/div>\n\t\t<\/section>\n\t\t\t\t\t\t\t<\/div>\n\t\t\n    <div class=\"xs_social_share_widget xs_share_url after_content \t\tmain_content  wslu-style-1 wslu-share-box-shaped wslu-fill-colored wslu-none wslu-share-horizontal wslu-theme-font-no wslu-main_content\">\n\n\t\t\n        <ul>\n\t\t\t        <\/ul>\n    <\/div> \n","protected":false},"excerpt":{"rendered":"<p>Apartaments Cambrils Cambrils \u00e9s una de les zones m\u00e9s privilegiades de la Costa Daurada i una de les destinacions tur\u00edstiques m\u00e9s importants del mediterrani. Amb m\u00e9s de 7 km de platges, \u00e9s ideal per a les fam\u00edlies que desitgen passar unes vacances en un entorn tranquil. \u00a0 En Brisasol Rentalmar disposem d&#8217;una \u00e0mplia oferta d&#8217;apartaments [&hellip;]<\/p>\n","protected":false},"author":5,"featured_media":0,"parent":562978,"menu_order":0,"comment_status":"closed","ping_status":"closed","template":"elementor_header_footer","meta":{"footnotes":""},"acf":[],"_links":{"self":[{"href":"https:\/\/brisasol.com\/ca\/wp-json\/wp\/v2\/pages\/563006"}],"collection":[{"href":"https:\/\/brisasol.com\/ca\/wp-json\/wp\/v2\/pages"}],"about":[{"href":"https:\/\/brisasol.com\/ca\/wp-json\/wp\/v2\/types\/page"}],"author":[{"embeddable":true,"href":"https:\/\/brisasol.com\/ca\/wp-json\/wp\/v2\/users\/5"}],"replies":[{"embeddable":true,"href":"https:\/\/brisasol.com\/ca\/wp-json\/wp\/v2\/comments?post=563006"}],"version-history":[{"count":12,"href":"https:\/\/brisasol.com\/ca\/wp-json\/wp\/v2\/pages\/563006\/revisions"}],"predecessor-version":[{"id":825037,"href":"https:\/\/brisasol.com\/ca\/wp-json\/wp\/v2\/pages\/563006\/revisions\/825037"}],"up":[{"embeddable":true,"href":"https:\/\/brisasol.com\/ca\/wp-json\/wp\/v2\/pages\/562978"}],"wp:attachment":[{"href":"https:\/\/brisasol.com\/ca\/wp-json\/wp\/v2\/media?parent=563006"}],"curies":[{"name":"wp","href":"https:\/\/api.w.org\/{rel}","templated":true}]}}