{"id":563012,"date":"2021-12-28T14:17:42","date_gmt":"2021-12-28T13:17:42","guid":{"rendered":"https:\/\/brisasol.com\/vacaciones\/apartamentos-miami-playa\/"},"modified":"2022-01-19T12:58:23","modified_gmt":"2022-01-19T11:58:23","slug":"apartamentos-miami-playa","status":"publish","type":"page","link":"https:\/\/brisasol.com\/ca\/vacances\/apartaments-miami-platja\/","title":{"rendered":"Apartaments Miami Playa"},"content":{"rendered":"\t\t<div data-elementor-type=\"wp-page\" data-elementor-id=\"563012\" class=\"elementor elementor-563012 elementor-562996\">\n\t\t\t\t\t\t\t\t\t<section class=\"elementor-section elementor-top-section elementor-element elementor-element-d90eb2b elementor-section-full_width elementor-section-stretched elementor-section-height-default elementor-section-height-default\" data-id=\"d90eb2b\" data-element_type=\"section\" data-settings=\"{&quot;stretch_section&quot;:&quot;section-stretched&quot;,&quot;ekit_has_onepagescroll_dot&quot;:&quot;yes&quot;}\">\n\t\t\t\t\t\t<div class=\"elementor-container elementor-column-gap-default\">\n\t\t\t\t\t<div class=\"elementor-column elementor-col-50 elementor-top-column elementor-element elementor-element-9aae3b0\" data-id=\"9aae3b0\" data-element_type=\"column\" data-settings=\"{&quot;background_background&quot;:&quot;classic&quot;}\">\n\t\t\t<div class=\"elementor-widget-wrap elementor-element-populated\">\n\t\t\t\t\t<div class=\"elementor-background-overlay\"><\/div>\n\t\t\t\t\t\t\t\t<div class=\"elementor-element elementor-element-5aa0ae3 elementor-widget elementor-widget-heading\" data-id=\"5aa0ae3\" data-element_type=\"widget\" data-settings=\"{&quot;ekit_we_effect_on&quot;:&quot;none&quot;}\" data-widget_type=\"heading.default\">\n\t\t\t\t<div class=\"elementor-widget-container\">\n\t\t\t<h2 class=\"elementor-heading-title elementor-size-default\">Apartaments a Miami Platja<\/h2>\t\t<\/div>\n\t\t\t\t<\/div>\n\t\t\t\t\t<\/div>\n\t\t<\/div>\n\t\t\t\t<div class=\"elementor-column elementor-col-50 elementor-top-column elementor-element elementor-element-1bd243b\" data-id=\"1bd243b\" data-element_type=\"column\">\n\t\t\t<div class=\"elementor-widget-wrap elementor-element-populated\">\n\t\t\t\t\t\t\t\t<div class=\"elementor-element elementor-element-d0c87b2 elementor-widget elementor-widget-text-editor\" data-id=\"d0c87b2\" data-element_type=\"widget\" data-settings=\"{&quot;ekit_we_effect_on&quot;:&quot;none&quot;}\" data-widget_type=\"text-editor.default\">\n\t\t\t\t<div class=\"elementor-widget-container\">\n\t\t\t\t\t\t\t<p><span style=\"color: black; font-size: 13.5pt;\">Miami Platja \u00e9s una zona privilegiada de la Costa Daurada, perfecta per als que busquen passar les vacances en un entorn tranquil.<\/span><\/p>\n<p><span style=\"color: black; font-size: 13.5pt;\">Els seus 12 quil\u00f2metres de platges de qualitat han rebut una ecoetiqueta de Bandera Blava europea atorgada per la Uni\u00f3 Europea. A m\u00e9s, igual que Cambrils, Miami Playa compta amb una oferta gastron\u00f2mica molt \u00e0mplia i tota mena d&#8217;activitats d&#8217;oci.<\/span><\/p>\n\t\t\t\t\t\t<\/div>\n\t\t\t\t<\/div>\n\t\t\t\t\t<\/div>\n\t\t<\/div>\n\t\t\t\t\t\t\t<\/div>\n\t\t<\/section>\n\t\t\t\t<section class=\"elementor-section elementor-top-section elementor-element elementor-element-87ce214 elementor-section-boxed elementor-section-height-default elementor-section-height-default\" data-id=\"87ce214\" data-element_type=\"section\" data-settings=\"{&quot;ekit_has_onepagescroll_dot&quot;:&quot;yes&quot;}\">\n\t\t\t\t\t\t<div class=\"elementor-container elementor-column-gap-default\">\n\t\t\t\t\t<div class=\"elementor-column elementor-col-33 elementor-top-column elementor-element elementor-element-27a14c8\" data-id=\"27a14c8\" data-element_type=\"column\">\n\t\t\t<div class=\"elementor-widget-wrap elementor-element-populated\">\n\t\t\t\t\t\t\t\t<div class=\"elementor-element elementor-element-49a8a3d elementor-position-top elementor-widget elementor-widget-image-box\" data-id=\"49a8a3d\" data-element_type=\"widget\" data-settings=\"{&quot;ekit_we_effect_on&quot;:&quot;none&quot;}\" data-widget_type=\"image-box.default\">\n\t\t\t\t<div class=\"elementor-widget-container\">\n\t\t\t<div class=\"elementor-image-box-wrapper\"><figure class=\"elementor-image-box-img\"><img fetchpriority=\"high\" decoding=\"async\" width=\"600\" height=\"401\" src=\"https:\/\/brisasol.com\/wp-content\/uploads\/2022\/01\/Miami-El-Pinar.jpg\" class=\"elementor-animation-grow attachment-full size-full wp-image-671827\" alt=\"\" \/><\/figure><div class=\"elementor-image-box-content\"><h3 class=\"elementor-image-box-title\">Rentalmar el Pinar<\/h3><p class=\"elementor-image-box-description\">Els apartaments Rentalmar el Pinar formen part d'un complex de 15 bungalous situats a la zona residencial Via Marina, una zona tranquil\u00b7la a 3 km de la platja ia 2 km del centre de la ciutat.<\/p><\/div><\/div>\t\t<\/div>\n\t\t\t\t<\/div>\n\t\t\t\t<div class=\"elementor-element elementor-element-5fd8026 elementor-align-center elementor-widget elementor-widget-button\" data-id=\"5fd8026\" data-element_type=\"widget\" data-settings=\"{&quot;ekit_we_effect_on&quot;:&quot;none&quot;}\" data-widget_type=\"button.default\">\n\t\t\t\t<div class=\"elementor-widget-container\">\n\t\t\t\t\t<div class=\"elementor-button-wrapper\">\n\t\t\t<a class=\"elementor-button elementor-button-link elementor-size-xs\" href=\"http:\/\/www.adosadoselpinarmiami.com\/ca\/\" target=\"_blank\">\n\t\t\t\t\t\t<span class=\"elementor-button-content-wrapper\">\n\t\t\t\t\t\t<span class=\"elementor-button-text\">M\u00e9s informaci\u00f3 i reserves<\/span>\n\t\t<\/span>\n\t\t\t\t\t<\/a>\n\t\t<\/div>\n\t\t\t\t<\/div>\n\t\t\t\t<\/div>\n\t\t\t\t\t<\/div>\n\t\t<\/div>\n\t\t\t\t<div class=\"elementor-column elementor-col-33 elementor-top-column elementor-element elementor-element-8fe4c93\" data-id=\"8fe4c93\" data-element_type=\"column\">\n\t\t\t<div class=\"elementor-widget-wrap elementor-element-populated\">\n\t\t\t\t\t\t\t\t<div class=\"elementor-element elementor-element-961c588 elementor-position-top elementor-widget elementor-widget-image-box\" data-id=\"961c588\" data-element_type=\"widget\" data-settings=\"{&quot;ekit_we_effect_on&quot;:&quot;none&quot;}\" data-widget_type=\"image-box.default\">\n\t\t\t\t<div class=\"elementor-widget-container\">\n\t\t\t<div class=\"elementor-image-box-wrapper\"><figure class=\"elementor-image-box-img\"><img decoding=\"async\" width=\"600\" height=\"400\" src=\"https:\/\/brisasol.com\/wp-content\/uploads\/2022\/01\/Miami-Verdi.jpg\" class=\"elementor-animation-grow attachment-full size-full wp-image-671831\" alt=\"\" \/><\/figure><div class=\"elementor-image-box-content\"><h3 class=\"elementor-image-box-title\">Rentalmar Verdi<\/h3><p class=\"elementor-image-box-description\">Aquestes 20 viles adossades de nova construcci\u00f3 es troben a Casalot, a prop de Miami Platja. Gaudeix d\u00b4\u00e0mplies zones verdes amb zona de jocs per a nens i piscina comunit\u00e0ria.<\/p><\/div><\/div>\t\t<\/div>\n\t\t\t\t<\/div>\n\t\t\t\t<div class=\"elementor-element elementor-element-d09cd79 elementor-align-center elementor-widget elementor-widget-button\" data-id=\"d09cd79\" data-element_type=\"widget\" data-settings=\"{&quot;ekit_we_effect_on&quot;:&quot;none&quot;}\" data-widget_type=\"button.default\">\n\t\t\t\t<div class=\"elementor-widget-container\">\n\t\t\t\t\t<div class=\"elementor-button-wrapper\">\n\t\t\t<a class=\"elementor-button elementor-button-link elementor-size-xs\" href=\"http:\/\/www.adosadosverdimiami.com\/ca\/\" target=\"_blank\">\n\t\t\t\t\t\t<span class=\"elementor-button-content-wrapper\">\n\t\t\t\t\t\t<span class=\"elementor-button-text\">M\u00e9s informaci\u00f3 i reserves<\/span>\n\t\t<\/span>\n\t\t\t\t\t<\/a>\n\t\t<\/div>\n\t\t\t\t<\/div>\n\t\t\t\t<\/div>\n\t\t\t\t\t<\/div>\n\t\t<\/div>\n\t\t\t\t<div class=\"elementor-column elementor-col-33 elementor-top-column elementor-element elementor-element-df595d3\" data-id=\"df595d3\" data-element_type=\"column\">\n\t\t\t<div class=\"elementor-widget-wrap elementor-element-populated\">\n\t\t\t\t\t\t\t\t<div class=\"elementor-element elementor-element-3d29c06 elementor-position-top elementor-widget elementor-widget-image-box\" data-id=\"3d29c06\" data-element_type=\"widget\" data-settings=\"{&quot;ekit_we_effect_on&quot;:&quot;none&quot;}\" data-widget_type=\"image-box.default\">\n\t\t\t\t<div class=\"elementor-widget-container\">\n\t\t\t<div class=\"elementor-image-box-wrapper\"><figure class=\"elementor-image-box-img\"><img decoding=\"async\" width=\"600\" height=\"400\" src=\"https:\/\/brisasol.com\/wp-content\/uploads\/2022\/01\/Miami-Bellavista-e1641214341927.jpg\" class=\"elementor-animation-grow attachment-full size-full wp-image-671835\" alt=\"\" \/><\/figure><div class=\"elementor-image-box-content\"><h3 class=\"elementor-image-box-title\">Apartaments Bellavista<\/h3><p class=\"elementor-image-box-description\">A prop del mar, a 50 metres de la platja, hi ha els apartaments Bellavista. Disposen d'\u00e0mplies zones verdes i als voltants tamb\u00e9 hi ha una piscina comunit\u00e0ria.<\/p><\/div><\/div>\t\t<\/div>\n\t\t\t\t<\/div>\n\t\t\t\t<div class=\"elementor-element elementor-element-da1db07 elementor-align-center elementor-widget elementor-widget-button\" data-id=\"da1db07\" data-element_type=\"widget\" data-settings=\"{&quot;ekit_we_effect_on&quot;:&quot;none&quot;}\" data-widget_type=\"button.default\">\n\t\t\t\t<div class=\"elementor-widget-container\">\n\t\t\t\t\t<div class=\"elementor-button-wrapper\">\n\t\t\t<a class=\"elementor-button elementor-button-link elementor-size-xs\" href=\"https:\/\/www.rentalmar.com\/ca\/apartaments-miami-platja\" target=\"_blank\">\n\t\t\t\t\t\t<span class=\"elementor-button-content-wrapper\">\n\t\t\t\t\t\t<span class=\"elementor-button-text\">M\u00e9s informaci\u00f3 i reserves<\/span>\n\t\t<\/span>\n\t\t\t\t\t<\/a>\n\t\t<\/div>\n\t\t\t\t<\/div>\n\t\t\t\t<\/div>\n\t\t\t\t\t<\/div>\n\t\t<\/div>\n\t\t\t\t\t\t\t<\/div>\n\t\t<\/section>\n\t\t\t\t<section class=\"elementor-section elementor-top-section elementor-element elementor-element-817871a elementor-section-boxed elementor-section-height-default elementor-section-height-default\" data-id=\"817871a\" data-element_type=\"section\" data-settings=\"{&quot;ekit_has_onepagescroll_dot&quot;:&quot;yes&quot;}\">\n\t\t\t\t\t\t<div class=\"elementor-container elementor-column-gap-default\">\n\t\t\t\t\t<div class=\"elementor-column elementor-col-33 elementor-top-column elementor-element elementor-element-b4bfed7\" data-id=\"b4bfed7\" data-element_type=\"column\">\n\t\t\t<div class=\"elementor-widget-wrap elementor-element-populated\">\n\t\t\t\t\t\t\t\t<div class=\"elementor-element elementor-element-c7210fe elementor-position-top elementor-widget elementor-widget-image-box\" data-id=\"c7210fe\" data-element_type=\"widget\" data-settings=\"{&quot;ekit_we_effect_on&quot;:&quot;none&quot;}\" data-widget_type=\"image-box.default\">\n\t\t\t\t<div class=\"elementor-widget-container\">\n\t\t\t<div class=\"elementor-image-box-wrapper\"><figure class=\"elementor-image-box-img\"><img loading=\"lazy\" decoding=\"async\" width=\"600\" height=\"400\" src=\"https:\/\/brisasol.com\/wp-content\/uploads\/2022\/01\/Miami-Calas-II-e1641214305795.jpg\" class=\"elementor-animation-grow attachment-full size-full wp-image-671839\" alt=\"\" \/><\/figure><div class=\"elementor-image-box-content\"><h3 class=\"elementor-image-box-title\">Apartaments Calas II<\/h3><p class=\"elementor-image-box-description\">Aquests apartaments estan ubicats al Passatge del Mediterrani, a prop del mar, a nom\u00e9s 80 metres de la platja ia uns 300 metres del centre de Miami Platja.<\/p><\/div><\/div>\t\t<\/div>\n\t\t\t\t<\/div>\n\t\t\t\t<div class=\"elementor-element elementor-element-95ddf9c elementor-align-center elementor-widget elementor-widget-button\" data-id=\"95ddf9c\" data-element_type=\"widget\" data-settings=\"{&quot;ekit_we_effect_on&quot;:&quot;none&quot;}\" data-widget_type=\"button.default\">\n\t\t\t\t<div class=\"elementor-widget-container\">\n\t\t\t\t\t<div class=\"elementor-button-wrapper\">\n\t\t\t<a class=\"elementor-button elementor-button-link elementor-size-xs\" href=\"https:\/\/www.rentalmar.com\/ca\/apartaments-miami-platja\" target=\"_blank\">\n\t\t\t\t\t\t<span class=\"elementor-button-content-wrapper\">\n\t\t\t\t\t\t<span class=\"elementor-button-text\">M\u00e9s informaci\u00f3 i reserves<\/span>\n\t\t<\/span>\n\t\t\t\t\t<\/a>\n\t\t<\/div>\n\t\t\t\t<\/div>\n\t\t\t\t<\/div>\n\t\t\t\t\t<\/div>\n\t\t<\/div>\n\t\t\t\t<div class=\"elementor-column elementor-col-33 elementor-top-column elementor-element elementor-element-941bd78\" data-id=\"941bd78\" data-element_type=\"column\">\n\t\t\t<div class=\"elementor-widget-wrap elementor-element-populated\">\n\t\t\t\t\t\t\t\t<div class=\"elementor-element elementor-element-fc029ff elementor-position-top elementor-widget elementor-widget-image-box\" data-id=\"fc029ff\" data-element_type=\"widget\" data-settings=\"{&quot;ekit_we_effect_on&quot;:&quot;none&quot;}\" data-widget_type=\"image-box.default\">\n\t\t\t\t<div class=\"elementor-widget-container\">\n\t\t\t<div class=\"elementor-image-box-wrapper\"><figure class=\"elementor-image-box-img\"><img loading=\"lazy\" decoding=\"async\" width=\"600\" height=\"400\" src=\"https:\/\/brisasol.com\/wp-content\/uploads\/2022\/01\/Miami-Gavina-dOr.jpg\" class=\"elementor-animation-grow attachment-full size-full wp-image-671843\" alt=\"\" \/><\/figure><div class=\"elementor-image-box-content\"><h3 class=\"elementor-image-box-title\">Apartaments Gavina d\u2019Or<\/h3><p class=\"elementor-image-box-description\">Aquest edifici de 5 plantes, inaugurat el 2002, t\u00e9 molt ben situat al costat del mar, nom\u00e9s unes escales et separen de la Cala de les Sirenes. Tots els apartaments tenen vistes al mar.<\/p><\/div><\/div>\t\t<\/div>\n\t\t\t\t<\/div>\n\t\t\t\t<div class=\"elementor-element elementor-element-cbc5474 elementor-align-center elementor-widget elementor-widget-button\" data-id=\"cbc5474\" data-element_type=\"widget\" data-settings=\"{&quot;ekit_we_effect_on&quot;:&quot;none&quot;}\" data-widget_type=\"button.default\">\n\t\t\t\t<div class=\"elementor-widget-container\">\n\t\t\t\t\t<div class=\"elementor-button-wrapper\">\n\t\t\t<a class=\"elementor-button elementor-button-link elementor-size-xs\" href=\"http:\/\/www.apartamentosgavinadormiami.com\/ca\/\" target=\"_blank\">\n\t\t\t\t\t\t<span class=\"elementor-button-content-wrapper\">\n\t\t\t\t\t\t<span class=\"elementor-button-text\">M\u00e9s informaci\u00f3 i reserves<\/span>\n\t\t<\/span>\n\t\t\t\t\t<\/a>\n\t\t<\/div>\n\t\t\t\t<\/div>\n\t\t\t\t<\/div>\n\t\t\t\t\t<\/div>\n\t\t<\/div>\n\t\t\t\t<div class=\"elementor-column elementor-col-33 elementor-top-column elementor-element elementor-element-6e5a7ab\" data-id=\"6e5a7ab\" data-element_type=\"column\">\n\t\t\t<div class=\"elementor-widget-wrap elementor-element-populated\">\n\t\t\t\t\t\t\t\t<div class=\"elementor-element elementor-element-e4912a8 elementor-position-top elementor-widget elementor-widget-image-box\" data-id=\"e4912a8\" data-element_type=\"widget\" data-settings=\"{&quot;ekit_we_effect_on&quot;:&quot;none&quot;}\" data-widget_type=\"image-box.default\">\n\t\t\t\t<div class=\"elementor-widget-container\">\n\t\t\t<div class=\"elementor-image-box-wrapper\"><figure class=\"elementor-image-box-img\"><img loading=\"lazy\" decoding=\"async\" width=\"600\" height=\"400\" src=\"https:\/\/brisasol.com\/wp-content\/uploads\/2022\/01\/Miami-La-Joya-e1641214276184.jpg\" class=\"elementor-animation-grow attachment-full size-full wp-image-671847\" alt=\"\" \/><\/figure><div class=\"elementor-image-box-content\"><h3 class=\"elementor-image-box-title\">Apartaments La Joya<\/h3><p class=\"elementor-image-box-description\">Els apartaments La Joya estan situats al Passatge de la Mediterr\u00e0nia. Estan ubicats just davant del mar i tenen acc\u00e9s directe a la platja per unes escales. El centre de Miami Playa \u00e9s a nom\u00e9s 300 metres.<\/p><\/div><\/div>\t\t<\/div>\n\t\t\t\t<\/div>\n\t\t\t\t<div class=\"elementor-element elementor-element-542be86 elementor-align-center elementor-widget elementor-widget-button\" data-id=\"542be86\" data-element_type=\"widget\" data-settings=\"{&quot;ekit_we_effect_on&quot;:&quot;none&quot;}\" data-widget_type=\"button.default\">\n\t\t\t\t<div class=\"elementor-widget-container\">\n\t\t\t\t\t<div class=\"elementor-button-wrapper\">\n\t\t\t<a class=\"elementor-button elementor-button-link elementor-size-xs\" href=\"https:\/\/www.rentalmar.com\/ca\/apartaments-miami-platja\" target=\"_blank\">\n\t\t\t\t\t\t<span class=\"elementor-button-content-wrapper\">\n\t\t\t\t\t\t<span class=\"elementor-button-text\">M\u00e9s informaci\u00f3 i reserves<\/span>\n\t\t<\/span>\n\t\t\t\t\t<\/a>\n\t\t<\/div>\n\t\t\t\t<\/div>\n\t\t\t\t<\/div>\n\t\t\t\t\t<\/div>\n\t\t<\/div>\n\t\t\t\t\t\t\t<\/div>\n\t\t<\/section>\n\t\t\t\t<section class=\"elementor-section elementor-top-section elementor-element elementor-element-518fa8b elementor-section-boxed elementor-section-height-default elementor-section-height-default\" data-id=\"518fa8b\" data-element_type=\"section\" data-settings=\"{&quot;ekit_has_onepagescroll_dot&quot;:&quot;yes&quot;}\">\n\t\t\t\t\t\t<div class=\"elementor-container elementor-column-gap-default\">\n\t\t\t\t\t<div class=\"elementor-column elementor-col-100 elementor-top-column elementor-element elementor-element-aef93d4\" data-id=\"aef93d4\" data-element_type=\"column\">\n\t\t\t<div class=\"elementor-widget-wrap elementor-element-populated\">\n\t\t\t\t\t\t\t\t<div class=\"elementor-element elementor-element-4f8d436 elementor-widget elementor-widget-spacer\" data-id=\"4f8d436\" data-element_type=\"widget\" data-settings=\"{&quot;ekit_we_effect_on&quot;:&quot;none&quot;}\" data-widget_type=\"spacer.default\">\n\t\t\t\t<div class=\"elementor-widget-container\">\n\t\t\t\t\t<div class=\"elementor-spacer\">\n\t\t\t<div class=\"elementor-spacer-inner\"><\/div>\n\t\t<\/div>\n\t\t\t\t<\/div>\n\t\t\t\t<\/div>\n\t\t\t\t\t<\/div>\n\t\t<\/div>\n\t\t\t\t\t\t\t<\/div>\n\t\t<\/section>\n\t\t\t\t\t\t\t<\/div>\n\t\t\n    <div class=\"xs_social_share_widget xs_share_url after_content \t\tmain_content  wslu-style-1 wslu-share-box-shaped wslu-fill-colored wslu-none wslu-share-horizontal wslu-theme-font-no wslu-main_content\">\n\n\t\t\n        <ul>\n\t\t\t        <\/ul>\n    <\/div> \n","protected":false},"excerpt":{"rendered":"<p>Apartaments a Miami Platja Miami Platja \u00e9s una zona privilegiada de la Costa Daurada, perfecta per als que busquen passar les vacances en un entorn tranquil. Els seus 12 quil\u00f2metres de platges de qualitat han rebut una ecoetiqueta de Bandera Blava europea atorgada per la Uni\u00f3 Europea. A m\u00e9s, igual que Cambrils, Miami Playa compta [&hellip;]<\/p>\n","protected":false},"author":5,"featured_media":0,"parent":562978,"menu_order":0,"comment_status":"closed","ping_status":"closed","template":"elementor_header_footer","meta":{"footnotes":""},"acf":[],"_links":{"self":[{"href":"https:\/\/brisasol.com\/ca\/wp-json\/wp\/v2\/pages\/563012"}],"collection":[{"href":"https:\/\/brisasol.com\/ca\/wp-json\/wp\/v2\/pages"}],"about":[{"href":"https:\/\/brisasol.com\/ca\/wp-json\/wp\/v2\/types\/page"}],"author":[{"embeddable":true,"href":"https:\/\/brisasol.com\/ca\/wp-json\/wp\/v2\/users\/5"}],"replies":[{"embeddable":true,"href":"https:\/\/brisasol.com\/ca\/wp-json\/wp\/v2\/comments?post=563012"}],"version-history":[{"count":6,"href":"https:\/\/brisasol.com\/ca\/wp-json\/wp\/v2\/pages\/563012\/revisions"}],"predecessor-version":[{"id":900010,"href":"https:\/\/brisasol.com\/ca\/wp-json\/wp\/v2\/pages\/563012\/revisions\/900010"}],"up":[{"embeddable":true,"href":"https:\/\/brisasol.com\/ca\/wp-json\/wp\/v2\/pages\/562978"}],"wp:attachment":[{"href":"https:\/\/brisasol.com\/ca\/wp-json\/wp\/v2\/media?parent=563012"}],"curies":[{"name":"wp","href":"https:\/\/api.w.org\/{rel}","templated":true}]}}