{"id":217501,"date":"2019-04-12T10:42:59","date_gmt":"2019-04-12T08:42:59","guid":{"rendered":"https:\/\/brisasol.com\/politica-privacidad\/"},"modified":"2021-10-17T20:56:09","modified_gmt":"2021-10-17T18:56:09","slug":"politica-privacidad","status":"publish","type":"page","link":"https:\/\/brisasol.com\/en\/privacy-policy","title":{"rendered":"Privacy Policy"},"content":{"rendered":"<p>A efectos de lo dispuesto en el Reglamento Europeo de Protecci\u00f3n de Datos, FINQUES BRISASOL, S.L. le informamos que en determinadas \u00e1reas de nuestra Web se solicita al usuario una serie de datos de car\u00e1cter personal.<\/p>\n<p>The user always has the option of accepting or rejecting the legal conditions under which they will provide this data. This acceptance is considered as informed consent, and expressly authorizes the treatment with the following characteristics:<\/p>\n<h2><\/h2>\n<h2>BASIC INFORMATION ON DATA PROTECTION<\/h2>\n<p><strong>Welcome to the website of the entities FINQUES BRISASOL, S.L. and CODASER 3000, S.L., entities that are part of the BRISASOL group.<\/strong><\/p>\n<p><strong>The protection of the personal data that you entrust to us is of vital importance to our group. For this reason we want to explain to you how we treat your data when you provide it to us within the framework of this page.<\/strong><\/p>\n<p><strong>Responsible for the file<\/strong><br \/>\nThe data that you provide us through this page will be incorporated into a common file, owned by FINQUES BRISASOL, S.L. and CODASER 3000, S.L.<\/p>\n<p><strong>Address of the person in charge<\/strong><br \/>\nAV. ANDORRA, 18, ESC. 20 FLOOR BJ. 43840. SALOU. TARRAGONA<\/p>\n<p><strong>Purpose<\/strong><br \/>\nThe different purposes for which your personal data may be processed are detailed below:<\/p>\n<p><strong>On the part of FINQUES BRISASOL, S.L .:<\/strong><br \/>\n&#8211; Farm administration.<br \/>\n&#8211; Real estate brokerage.<\/p>\n<p><strong>On the part of CODASER 3000, S.L .:<\/strong><br \/>\n&#8211; Advice and intermediation in the contracting of insurance.<\/p>\n<p><strong>Legitimation<\/strong><br \/>\nConsent of the affected or execution of contracts.<\/p>\n<p><strong>Recipients of data transfers<\/strong><br \/>\nThe data you provide us will not be transferred, except in cases where it is provided for by law or it is carried out in the execution of a contract.<\/p>\n<p><strong>Rights<\/strong><br \/>\nAccess, rectification, deletion and opposition to data processing.<\/p>\n<p><strong>Additional Information<\/strong><br \/>\nYou can request additional and detailed information on Data Protection at the email address that appears in our contact information. You can also view additional information.<\/p>\n\n    <div class=\"xs_social_share_widget xs_share_url after_content \t\tmain_content  wslu-style-1 wslu-share-box-shaped wslu-fill-colored wslu-none wslu-share-horizontal wslu-theme-font-no wslu-main_content\">\n\n\t\t\n        <ul>\n\t\t\t        <\/ul>\n    <\/div> \n","protected":false},"excerpt":{"rendered":"<p>A efectos de lo dispuesto en el Reglamento Europeo de Protecci\u00f3n de Datos, FINQUES BRISASOL, S.L. le informamos que en determinadas \u00e1reas de nuestra Web se solicita al usuario una serie de datos de car\u00e1cter personal. The user always has the option of accepting or rejecting the legal conditions under which they will provide this [&hellip;]<\/p>\n","protected":false},"author":1,"featured_media":0,"parent":0,"menu_order":0,"comment_status":"closed","ping_status":"open","template":"","meta":{"footnotes":""},"acf":[],"_links":{"self":[{"href":"https:\/\/brisasol.com\/en\/wp-json\/wp\/v2\/pages\/217501"}],"collection":[{"href":"https:\/\/brisasol.com\/en\/wp-json\/wp\/v2\/pages"}],"about":[{"href":"https:\/\/brisasol.com\/en\/wp-json\/wp\/v2\/types\/page"}],"author":[{"embeddable":true,"href":"https:\/\/brisasol.com\/en\/wp-json\/wp\/v2\/users\/1"}],"replies":[{"embeddable":true,"href":"https:\/\/brisasol.com\/en\/wp-json\/wp\/v2\/comments?post=217501"}],"version-history":[{"count":0,"href":"https:\/\/brisasol.com\/en\/wp-json\/wp\/v2\/pages\/217501\/revisions"}],"wp:attachment":[{"href":"https:\/\/brisasol.com\/en\/wp-json\/wp\/v2\/media?parent=217501"}],"curies":[{"name":"wp","href":"https:\/\/api.w.org\/{rel}","templated":true}]}}