{"id":217512,"date":"2021-07-03T10:04:51","date_gmt":"2021-07-03T08:04:51","guid":{"rendered":"https:\/\/brisasol.com\/politica-de-cookies\/"},"modified":"2021-10-17T21:01:53","modified_gmt":"2021-10-17T19:01:53","slug":"politica-de-cookies","status":"publish","type":"page","link":"https:\/\/brisasol.com\/fr\/politique-de-cookies","title":{"rendered":"Politique de cookies"},"content":{"rendered":"<p>Les cookies sont des fichiers qui sont t\u00e9l\u00e9charg\u00e9s sur votre ordinateur lorsque vous acc\u00e9dez \u00e0 certaines pages Web. Les cookies permettent \u00e0 une page Web de stocker et de r\u00e9cup\u00e9rer plus facilement des informations sur les habitudes de navigation d&#8217;un ou des siens et, en fonction des informations qu&#8217;ils contiennent et de l&#8217;utilisation de leur \u00e9quipement, ils peuvent \u00eatre utilis\u00e9s pour le reconna\u00eetre.<\/p>\n<p>Cependant, ces supports n&#8217;obtiennent que des informations li\u00e9es au nombre de pages visit\u00e9es, la ville \u00e0 laquelle l&#8217;adresse IP \u00e0 partir de laquelle on y acc\u00e8de, le nombre de nouveaux utilisateurs, la fr\u00e9quence et la r\u00e9currence des visites, l&#8217;heure de la visite, le navigateur ou l&#8217;op\u00e9rateur ou le type de terminal \u00e0 partir duquel la visite est effectu\u00e9e. En aucun cas, des donn\u00e9es ne sont obtenues sur le nom, le pr\u00e9nom, l&#8217;adresse postale ou d&#8217;autres donn\u00e9es similaires de l&#8217;utilisateur qui s&#8217;est connect\u00e9.<\/p>\n<p>Les cookies utilis\u00e9s sur ce site sont ceux g\u00e9n\u00e9r\u00e9s par Google Analytics, le nom et la finalit\u00e9 sp\u00e9cifique de chacun d&#8217;eux \u00e9tant les suivants :<\/p>\n<p>__utma\u00a0: expire 2\u00a0ans \u00e0 compter de la derni\u00e8re mise \u00e0 jour. Ce cookie g\u00e9n\u00e8re un identifiant d&#8217;utilisateur unique et enregistre la date, la premi\u00e8re et la derni\u00e8re fois que l&#8217;utilisateur a visit\u00e9 le site Web. Il est utilis\u00e9 pour compter combien de fois un utilisateur unique visite le site.<br \/>\n__utmb\u00a0: expire 30\u00a0minutes apr\u00e8s la derni\u00e8re mise \u00e0 jour. Ce cookie enregistre l&#8217;heure d&#8217;arriv\u00e9e sur la page et expire 30 minutes apr\u00e8s l&#8217;enregistrement de la derni\u00e8re page consult\u00e9e. Il est automatiquement supprim\u00e9 lors du changement de site Web ou lors de la fermeture du navigateur. Il est utilis\u00e9 pour calculer le temps qu&#8217;un utilisateur passe sur une page.<br \/>\n__utmc : Ce cookie a un objectif similaire au pr\u00e9c\u00e9dent mais pour les sites Web o\u00f9 l&#8217;ancien code de suivi urchin.js est install\u00e9.<br \/>\n__utmz\u00a0: expire au bout de 6\u00a0mois. Ce cookie m\u00e9morise l&#8217;origine du visiteur, le chemin qu&#8217;il a suivi pour acc\u00e9der au web soit en acc\u00e8s direct, \u00e0 partir d&#8217;un lien sur un autre web, \u00e0 partir d&#8217;un lien email, \u00e0 l&#8217;aide de certains mots cl\u00e9s dans un moteur de recherche, via une campagne d&#8217;affichage, ou via une annonce AdWords. Ce cookie est utilis\u00e9 pour calculer le trafic provenant des moteurs de recherche (organique et PPC), des campagnes publicitaires d&#8217;affichage et de la navigation au sein d&#8217;un m\u00eame site Web (liens internes). Le cookie est mis \u00e0 jour \u00e0 chaque visite sur le Web.<br \/>\ntexte : Ce cookie est charg\u00e9 de d\u00e9terminer si la Politique relative aux cookies a d\u00e9j\u00e0 \u00e9t\u00e9 lue et son utilisation a \u00e9t\u00e9 express\u00e9ment accept\u00e9e ; de cette mani\u00e8re, les informations les concernant n&#8217;appara\u00eetront plus lors des visites successives sur le Web.<\/p>\n<p>Vous pouvez autoriser, bloquer ou supprimer les cookies install\u00e9s sur votre ordinateur en configurant les options de votre navigateur. Vous pouvez trouver des informations sur la fa\u00e7on de le faire, en relation avec les navigateurs les plus courants, dans les liens inclus ci-dessous\u00a0:<\/p>\n<p>Explorateur\u00a0: <a href=\"https:\/\/support.microsoft.com\/es-es\/help\/17442\/windows-internet-explorer-delete-manage-cookies\">https:\/\/support.microsoft.com\/es-es\/help\/17442\/windows-internet-explorer-delete-manage-cookies<\/a><br \/>\nFirefox\u00a0: <a href=\"https:\/\/support.mozilla.org\/es\/kb\/habilitar-y-deshabilitar-cookies-sitios-web-rastrear-preferencia\">https:\/\/support.mozilla.org\/es\/kb\/habilitar-y-deshabilitar-cookies-sitios-web-rastrear-preferencia<\/a><br \/>\nChrome\u00a0: <a href=\"http:\/\/support.google.com\/chrome\/bin\/answer.py?hl=es&amp;answer=95647\">http:\/\/support.google.com\/chrome\/bin\/answer.py?hl=es&amp;answer=95647<\/a><br \/>\nSafari\u00a0: <a href=\"http:\/\/support.apple.com\/kb\/ph5042\">http:\/\/support.apple.com\/kb\/ph5042<\/a><\/p>\n<p>Nous vous informons toutefois de la possibilit\u00e9 que la d\u00e9sactivation de tout cookie emp\u00eache ou entrave la navigation ou la fourniture des services propos\u00e9s sur ce site.<\/p>\n\n    <div class=\"xs_social_share_widget xs_share_url after_content \t\tmain_content  wslu-style-1 wslu-share-box-shaped wslu-fill-colored wslu-none wslu-share-horizontal wslu-theme-font-no wslu-main_content\">\n\n\t\t\n        <ul>\n\t\t\t        <\/ul>\n    <\/div> \n","protected":false},"excerpt":{"rendered":"<p>Les cookies sont des fichiers qui sont t\u00e9l\u00e9charg\u00e9s sur votre ordinateur lorsque vous acc\u00e9dez \u00e0 certaines pages Web. Les cookies permettent \u00e0 une page Web de stocker et de r\u00e9cup\u00e9rer plus facilement des informations sur les habitudes de navigation d&#8217;un ou des siens et, en fonction des informations qu&#8217;ils contiennent et de l&#8217;utilisation de leur [&hellip;]<\/p>\n","protected":false},"author":5,"featured_media":0,"parent":0,"menu_order":0,"comment_status":"closed","ping_status":"closed","template":"","meta":{"footnotes":""},"acf":[],"_links":{"self":[{"href":"https:\/\/brisasol.com\/fr\/wp-json\/wp\/v2\/pages\/217512"}],"collection":[{"href":"https:\/\/brisasol.com\/fr\/wp-json\/wp\/v2\/pages"}],"about":[{"href":"https:\/\/brisasol.com\/fr\/wp-json\/wp\/v2\/types\/page"}],"author":[{"embeddable":true,"href":"https:\/\/brisasol.com\/fr\/wp-json\/wp\/v2\/users\/5"}],"replies":[{"embeddable":true,"href":"https:\/\/brisasol.com\/fr\/wp-json\/wp\/v2\/comments?post=217512"}],"version-history":[{"count":0,"href":"https:\/\/brisasol.com\/fr\/wp-json\/wp\/v2\/pages\/217512\/revisions"}],"wp:attachment":[{"href":"https:\/\/brisasol.com\/fr\/wp-json\/wp\/v2\/media?parent=217512"}],"curies":[{"name":"wp","href":"https:\/\/api.w.org\/{rel}","templated":true}]}}