{"id":217520,"date":"2021-07-03T10:13:13","date_gmt":"2021-07-03T08:13:13","guid":{"rendered":"https:\/\/brisasol.com\/aviso-legal\/"},"modified":"2021-10-17T21:05:49","modified_gmt":"2021-10-17T19:05:49","slug":"aviso-legal","status":"publish","type":"page","link":"https:\/\/brisasol.com\/fr\/avis-juridique","title":{"rendered":"Avis juridique"},"content":{"rendered":"<p>L&#8217;utilisation de ce site Web ainsi que de l&#8217;un de ses services implique la lecture, la compr\u00e9hension et l&#8217;acceptation de la pr\u00e9sente notice l\u00e9gale par l&#8217;utilisateur.<\/p>\n<p>Conform\u00e9ment aux dispositions de la loi 34\/2002 du 11 juillet sur les services de la soci\u00e9t\u00e9 de l&#8217;information et du commerce \u00e9lectronique, les aspects suivants sont signal\u00e9s\u00a0:<\/p>\n<ul>\n<li>Responsable du site : FINQUES BRISASOL, S.L. et CODASER 3000. S.L.<\/li>\n<li>Adresse : AV. ANDORRE, 18 ans, ESC. 20 \u00c9TAGE BJ. 43840. SALOU. TARRAGONE.<\/li>\n<li>Courriel de contact : brisasol@brisasol.com<\/li>\n<li>NIF \/ CIF : B61612289 et B-43122795, respectivement.<\/li>\n<li>Le propri\u00e9taire du bureau est JOAQUIM CRISTI\u00c0 OLIVA, administrateur de biens, membre de l&#8217;Iltre. Coll\u00e8ge des administrateurs de biens de TARRAGONE avec le num\u00e9ro d&#8217;enregistrement 781.<\/li>\n<li>CODASER 3000, S.L. est une entit\u00e9 d\u00e9di\u00e9e \u00e0 l&#8217;interm\u00e9diation en assurance, inscrite au Registre des M\u00e9diateurs en Assurance et en R\u00e9assurance, sous le code d&#8217;enregistrement AJ0135<\/li>\n<\/ul>\n<p>L&#8217;Utilisateur accepte volontairement et express\u00e9ment que l&#8217;utilisation du Site www.brisasol.com s&#8217;effectue en tout \u00e9tat de cause sous sa seule et exclusive responsabilit\u00e9.<\/p>\n<p>Lors de l&#8217;utilisation du Site www.brisasol.com, l&#8217;Utilisateur s&#8217;engage \u00e0 n&#8217;effectuer aucun comportement qui pourrait porter atteinte \u00e0 l&#8217;image, aux int\u00e9r\u00eats et aux droits du site ou de tiers ou qui pourrait l&#8217;endommager, le d\u00e9sactiver ou le surcharger, ou qui emp\u00eacherait, de quelque mani\u00e8re que ce soit, fa\u00e7on, l&#8217;utilisation normale de celui-ci.<\/p>\n<p>Le Contenu du Site www.brisasol.com est mis \u00e0 la disposition de l&#8217;Utilisateur par FINQUES BRISASOL, S.L., ainsi que par CODASER 3000, S.L. avec des informations provenant \u00e0 la fois de ses propres sources et de tiers.<\/p>\n<p>www.brisasol.com essaie que le contenu soit de la plus haute qualit\u00e9 possible et soit raisonnablement mis \u00e0 jour, mais FINQUES BRISASOL, S.L. et CODASER, 3000, S.L. ne garantit pas l&#8217;utilit\u00e9, l&#8217;exactitude, l&#8217;exhaustivit\u00e9, la pertinence et\/ou l&#8217;actualit\u00e9 des Contenus.<\/p>\n<p>Au travers des pr\u00e9sentes Conditions G\u00e9n\u00e9rales, aucun droit de propri\u00e9t\u00e9 intellectuelle ou industrielle n&#8217;est transf\u00e9r\u00e9 sur le site www.brisasol.com ou sur l&#8217;un quelconque de ses \u00e9l\u00e9ments le composant, la reproduction, la transformation, la diffusion, la communication publique, la mise \u00e0 disposition, l&#8217;extraction \u00e9tant express\u00e9ment interdite \u00e0 l&#8217;Utilisateur. , la r\u00e9utilisation, la transmission ou l&#8217;utilisation de toute nature, par tout moyen ou proc\u00e9d\u00e9, de l&#8217;un d&#8217;entre eux, sauf dans les cas o\u00f9 cela est l\u00e9galement autoris\u00e9 ou autoris\u00e9 par le titulaire des droits correspondants.<\/p>\n<p>Ces conditions g\u00e9n\u00e9rales sont r\u00e9gies par la loi espagnole.<\/p>\n\n    <div class=\"xs_social_share_widget xs_share_url after_content \t\tmain_content  wslu-style-1 wslu-share-box-shaped wslu-fill-colored wslu-none wslu-share-horizontal wslu-theme-font-no wslu-main_content\">\n\n\t\t\n        <ul>\n\t\t\t        <\/ul>\n    <\/div> \n","protected":false},"excerpt":{"rendered":"<p>L&#8217;utilisation de ce site Web ainsi que de l&#8217;un de ses services implique la lecture, la compr\u00e9hension et l&#8217;acceptation de la pr\u00e9sente notice l\u00e9gale par l&#8217;utilisateur. Conform\u00e9ment aux dispositions de la loi 34\/2002 du 11 juillet sur les services de la soci\u00e9t\u00e9 de l&#8217;information et du commerce \u00e9lectronique, les aspects suivants sont signal\u00e9s\u00a0: Responsable du [&hellip;]<\/p>\n","protected":false},"author":5,"featured_media":0,"parent":0,"menu_order":0,"comment_status":"closed","ping_status":"closed","template":"","meta":{"footnotes":""},"acf":[],"_links":{"self":[{"href":"https:\/\/brisasol.com\/fr\/wp-json\/wp\/v2\/pages\/217520"}],"collection":[{"href":"https:\/\/brisasol.com\/fr\/wp-json\/wp\/v2\/pages"}],"about":[{"href":"https:\/\/brisasol.com\/fr\/wp-json\/wp\/v2\/types\/page"}],"author":[{"embeddable":true,"href":"https:\/\/brisasol.com\/fr\/wp-json\/wp\/v2\/users\/5"}],"replies":[{"embeddable":true,"href":"https:\/\/brisasol.com\/fr\/wp-json\/wp\/v2\/comments?post=217520"}],"version-history":[{"count":0,"href":"https:\/\/brisasol.com\/fr\/wp-json\/wp\/v2\/pages\/217520\/revisions"}],"wp:attachment":[{"href":"https:\/\/brisasol.com\/fr\/wp-json\/wp\/v2\/media?parent=217520"}],"curies":[{"name":"wp","href":"https:\/\/api.w.org\/{rel}","templated":true}]}}