{"id":563008,"date":"2021-12-28T14:08:27","date_gmt":"2021-12-28T13:08:27","guid":{"rendered":"https:\/\/brisasol.com\/vacaciones\/apartamentos-en-cambrils\/"},"modified":"2022-01-14T21:21:25","modified_gmt":"2022-01-14T20:21:25","slug":"apartamentos-en-cambrils","status":"publish","type":"page","link":"https:\/\/brisasol.com\/fr\/vacances\/appartements-a-cambrils\/","title":{"rendered":"Appartements a Cambrils"},"content":{"rendered":"\t\t<div data-elementor-type=\"wp-page\" data-elementor-id=\"563008\" class=\"elementor elementor-563008 elementor-562984\">\n\t\t\t\t\t\t\t\t\t<section class=\"elementor-section elementor-top-section elementor-element elementor-element-c070587 elementor-section-full_width elementor-section-stretched elementor-section-height-default elementor-section-height-default\" data-id=\"c070587\" data-element_type=\"section\" data-settings=\"{&quot;stretch_section&quot;:&quot;section-stretched&quot;,&quot;ekit_has_onepagescroll_dot&quot;:&quot;yes&quot;}\">\n\t\t\t\t\t\t<div class=\"elementor-container elementor-column-gap-default\">\n\t\t\t\t\t<div class=\"elementor-column elementor-col-50 elementor-top-column elementor-element elementor-element-e66de50\" data-id=\"e66de50\" data-element_type=\"column\" data-settings=\"{&quot;background_background&quot;:&quot;classic&quot;}\">\n\t\t\t<div class=\"elementor-widget-wrap elementor-element-populated\">\n\t\t\t\t\t<div class=\"elementor-background-overlay\"><\/div>\n\t\t\t\t\t\t\t\t<div class=\"elementor-element elementor-element-74d4aea elementor-widget elementor-widget-heading\" data-id=\"74d4aea\" data-element_type=\"widget\" data-settings=\"{&quot;ekit_we_effect_on&quot;:&quot;none&quot;}\" data-widget_type=\"heading.default\">\n\t\t\t\t<div class=\"elementor-widget-container\">\n\t\t\t<h2 class=\"elementor-heading-title elementor-size-default\">Appartements a Cambrils<\/h2>\t\t<\/div>\n\t\t\t\t<\/div>\n\t\t\t\t\t<\/div>\n\t\t<\/div>\n\t\t\t\t<div class=\"elementor-column elementor-col-50 elementor-top-column elementor-element elementor-element-493fe5b\" data-id=\"493fe5b\" data-element_type=\"column\">\n\t\t\t<div class=\"elementor-widget-wrap elementor-element-populated\">\n\t\t\t\t\t\t\t\t<div class=\"elementor-element elementor-element-eae0b3a elementor-widget elementor-widget-text-editor\" data-id=\"eae0b3a\" data-element_type=\"widget\" data-settings=\"{&quot;ekit_we_effect_on&quot;:&quot;none&quot;}\" data-widget_type=\"text-editor.default\">\n\t\t\t\t<div class=\"elementor-widget-container\">\n\t\t\t\t\t\t\t<p><span style=\"font-size: 13.5pt; color: black;\">Cambrils est l&#8217;une des zones les plus privil\u00e9gi\u00e9es de la Costa Dorada et l&#8217;une des destinations touristiques les plus importantes de la M\u00e9diterran\u00e9e. Avec plus de 7 km de plages, elle est id\u00e9ale pour les familles qui souhaitent passer des vacances au calme. <\/span><\/p>\n<p><span style=\"font-size: 13.5pt; color: black;\">Chez Brisasol Rentalmar, nous avons une large gamme d&#8217;appartements en location touristique afin que vous puissiez profiter au maximum de vos vacances. <\/span><\/p>\n\t\t\t\t\t\t<\/div>\n\t\t\t\t<\/div>\n\t\t\t\t\t<\/div>\n\t\t<\/div>\n\t\t\t\t\t\t\t<\/div>\n\t\t<\/section>\n\t\t\t\t<section class=\"elementor-section elementor-top-section elementor-element elementor-element-27a26b6 elementor-section-boxed elementor-section-height-default elementor-section-height-default\" data-id=\"27a26b6\" data-element_type=\"section\" data-settings=\"{&quot;ekit_has_onepagescroll_dot&quot;:&quot;yes&quot;}\">\n\t\t\t\t\t\t<div class=\"elementor-container elementor-column-gap-default\">\n\t\t\t\t\t<div class=\"elementor-column elementor-col-33 elementor-top-column elementor-element elementor-element-04a9d4b\" data-id=\"04a9d4b\" data-element_type=\"column\">\n\t\t\t<div class=\"elementor-widget-wrap elementor-element-populated\">\n\t\t\t\t\t\t\t\t<div class=\"elementor-element elementor-element-99a3837 elementor-position-top elementor-widget elementor-widget-image-box\" data-id=\"99a3837\" data-element_type=\"widget\" data-settings=\"{&quot;ekit_we_effect_on&quot;:&quot;none&quot;}\" data-widget_type=\"image-box.default\">\n\t\t\t\t<div class=\"elementor-widget-container\">\n\t\t\t<div class=\"elementor-image-box-wrapper\"><figure class=\"elementor-image-box-img\"><img fetchpriority=\"high\" decoding=\"async\" width=\"600\" height=\"400\" src=\"https:\/\/brisasol.com\/wp-content\/uploads\/2022\/01\/Cambrils-Sol-de-Espana.png\" class=\"elementor-animation-grow attachment-full size-full wp-image-671909\" alt=\"\" \/><\/figure><div class=\"elementor-image-box-content\"><h3 class=\"elementor-image-box-title\">Appartements Sol de Espa\u00f1a<\/h3><p class=\"elementor-image-box-description\">L'immeuble Sol de Espa\u00f1a Rentalmar b\u00e9n\u00e9ficie d'un emplacement strat\u00e9gique \u00e0 Vilafortuny, entre Salou et Cambrils. En front de mer, ce sont des appartements id\u00e9aux pour se reposer et profiter de vacances tranquilles en famille.<\/p><\/div><\/div>\t\t<\/div>\n\t\t\t\t<\/div>\n\t\t\t\t<div class=\"elementor-element elementor-element-5147ef9 elementor-align-center elementor-widget elementor-widget-button\" data-id=\"5147ef9\" data-element_type=\"widget\" data-settings=\"{&quot;ekit_we_effect_on&quot;:&quot;none&quot;}\" data-widget_type=\"button.default\">\n\t\t\t\t<div class=\"elementor-widget-container\">\n\t\t\t\t\t<div class=\"elementor-button-wrapper\">\n\t\t\t<a class=\"elementor-button elementor-button-link elementor-size-xs\" href=\"http:\/\/www.apartamentos-cambrils.es\/fr\/index.html\" target=\"_blank\">\n\t\t\t\t\t\t<span class=\"elementor-button-content-wrapper\">\n\t\t\t\t\t\t<span class=\"elementor-button-text\">Plus d'informations et r\u00e9servations<\/span>\n\t\t<\/span>\n\t\t\t\t\t<\/a>\n\t\t<\/div>\n\t\t\t\t<\/div>\n\t\t\t\t<\/div>\n\t\t\t\t\t<\/div>\n\t\t<\/div>\n\t\t\t\t<div class=\"elementor-column elementor-col-33 elementor-top-column elementor-element elementor-element-fc4fad1\" data-id=\"fc4fad1\" data-element_type=\"column\">\n\t\t\t<div class=\"elementor-widget-wrap elementor-element-populated\">\n\t\t\t\t\t\t\t\t<div class=\"elementor-element elementor-element-ba15702 elementor-position-top elementor-widget elementor-widget-image-box\" data-id=\"ba15702\" data-element_type=\"widget\" data-settings=\"{&quot;ekit_we_effect_on&quot;:&quot;none&quot;}\" data-widget_type=\"image-box.default\">\n\t\t\t\t<div class=\"elementor-widget-container\">\n\t\t\t<div class=\"elementor-image-box-wrapper\"><figure class=\"elementor-image-box-img\"><img decoding=\"async\" width=\"600\" height=\"400\" src=\"https:\/\/brisasol.com\/wp-content\/uploads\/2022\/01\/Cambrils-Pins-Marina.jpg\" class=\"elementor-animation-grow attachment-full size-full wp-image-671807\" alt=\"\" \/><\/figure><div class=\"elementor-image-box-content\"><h3 class=\"elementor-image-box-title\">Appartements Pins Marina<\/h3><p class=\"elementor-image-box-description\">A quelques m\u00e8tres de la plage et dans un quartier calme et familier, les appartements Pins Marina sont id\u00e9aux pour profiter de la mer ou pratiquer des sports dans la zone de la promenade qui relie Salou et Cambrils. Il a des commerces, des bars et des restaurants \u00e0 proximit\u00e9 et est tr\u00e8s bien desservi par les transports en commun.<\/p><\/div><\/div>\t\t<\/div>\n\t\t\t\t<\/div>\n\t\t\t\t<div class=\"elementor-element elementor-element-2cabcad elementor-align-center elementor-widget elementor-widget-button\" data-id=\"2cabcad\" data-element_type=\"widget\" data-settings=\"{&quot;ekit_we_effect_on&quot;:&quot;none&quot;}\" data-widget_type=\"button.default\">\n\t\t\t\t<div class=\"elementor-widget-container\">\n\t\t\t\t\t<div class=\"elementor-button-wrapper\">\n\t\t\t<a class=\"elementor-button elementor-button-link elementor-size-xs\" href=\"https:\/\/www.pinsmarinacambrils.com\/fr\/\" target=\"_blank\">\n\t\t\t\t\t\t<span class=\"elementor-button-content-wrapper\">\n\t\t\t\t\t\t<span class=\"elementor-button-text\">Plus d'informations et r\u00e9servations<\/span>\n\t\t<\/span>\n\t\t\t\t\t<\/a>\n\t\t<\/div>\n\t\t\t\t<\/div>\n\t\t\t\t<\/div>\n\t\t\t\t\t<\/div>\n\t\t<\/div>\n\t\t\t\t<div class=\"elementor-column elementor-col-33 elementor-top-column elementor-element elementor-element-eaee4c4\" data-id=\"eaee4c4\" data-element_type=\"column\">\n\t\t\t<div class=\"elementor-widget-wrap elementor-element-populated\">\n\t\t\t\t\t\t\t\t<div class=\"elementor-element elementor-element-2327893 elementor-position-top elementor-widget elementor-widget-image-box\" data-id=\"2327893\" data-element_type=\"widget\" data-settings=\"{&quot;ekit_we_effect_on&quot;:&quot;none&quot;}\" data-widget_type=\"image-box.default\">\n\t\t\t\t<div class=\"elementor-widget-container\">\n\t\t\t<div class=\"elementor-image-box-wrapper\"><figure class=\"elementor-image-box-img\"><img decoding=\"async\" width=\"600\" height=\"400\" src=\"https:\/\/brisasol.com\/wp-content\/uploads\/2022\/01\/Cambrils-Costa-Verde.png\" class=\"elementor-animation-grow attachment-full size-full wp-image-671919\" alt=\"\" \/><\/figure><div class=\"elementor-image-box-content\"><h3 class=\"elementor-image-box-title\">Costa Verde<\/h3><p class=\"elementor-image-box-description\">Appartements situ\u00e9s au c\u0153ur de la Costa Daurada, entre Cambrils et Salou \u00e0 seulement 50 m\u00e8tres des magnifiques plages de sable fin et dor\u00e9 qui entourent l'environnement.<\/p><\/div><\/div>\t\t<\/div>\n\t\t\t\t<\/div>\n\t\t\t\t<div class=\"elementor-element elementor-element-5257053 elementor-align-center elementor-widget elementor-widget-button\" data-id=\"5257053\" data-element_type=\"widget\" data-settings=\"{&quot;ekit_we_effect_on&quot;:&quot;none&quot;}\" data-widget_type=\"button.default\">\n\t\t\t\t<div class=\"elementor-widget-container\">\n\t\t\t\t\t<div class=\"elementor-button-wrapper\">\n\t\t\t<a class=\"elementor-button elementor-button-link elementor-size-xs\" href=\"https:\/\/www.apartamentoscostaverde.com\/fr\/\" target=\"_blank\">\n\t\t\t\t\t\t<span class=\"elementor-button-content-wrapper\">\n\t\t\t\t\t\t<span class=\"elementor-button-text\">Plus d'informations et r\u00e9servations<\/span>\n\t\t<\/span>\n\t\t\t\t\t<\/a>\n\t\t<\/div>\n\t\t\t\t<\/div>\n\t\t\t\t<\/div>\n\t\t\t\t\t<\/div>\n\t\t<\/div>\n\t\t\t\t\t\t\t<\/div>\n\t\t<\/section>\n\t\t\t\t<section class=\"elementor-section elementor-top-section elementor-element elementor-element-7755db6 elementor-section-boxed elementor-section-height-default elementor-section-height-default\" data-id=\"7755db6\" data-element_type=\"section\" data-settings=\"{&quot;ekit_has_onepagescroll_dot&quot;:&quot;yes&quot;}\">\n\t\t\t\t\t\t<div class=\"elementor-container elementor-column-gap-default\">\n\t\t\t\t\t<div class=\"elementor-column elementor-col-100 elementor-top-column elementor-element elementor-element-ab97670\" data-id=\"ab97670\" data-element_type=\"column\">\n\t\t\t<div class=\"elementor-widget-wrap elementor-element-populated\">\n\t\t\t\t\t\t\t\t<div class=\"elementor-element elementor-element-e1f4da5 elementor-widget elementor-widget-spacer\" data-id=\"e1f4da5\" data-element_type=\"widget\" data-settings=\"{&quot;ekit_we_effect_on&quot;:&quot;none&quot;}\" data-widget_type=\"spacer.default\">\n\t\t\t\t<div class=\"elementor-widget-container\">\n\t\t\t\t\t<div class=\"elementor-spacer\">\n\t\t\t<div class=\"elementor-spacer-inner\"><\/div>\n\t\t<\/div>\n\t\t\t\t<\/div>\n\t\t\t\t<\/div>\n\t\t\t\t\t<\/div>\n\t\t<\/div>\n\t\t\t\t\t\t\t<\/div>\n\t\t<\/section>\n\t\t\t\t\t\t\t<\/div>\n\t\t\n    <div class=\"xs_social_share_widget xs_share_url after_content \t\tmain_content  wslu-style-1 wslu-share-box-shaped wslu-fill-colored wslu-none wslu-share-horizontal wslu-theme-font-no wslu-main_content\">\n\n\t\t\n        <ul>\n\t\t\t        <\/ul>\n    <\/div> \n","protected":false},"excerpt":{"rendered":"<p>Appartements a Cambrils Cambrils est l&#8217;une des zones les plus privil\u00e9gi\u00e9es de la Costa Dorada et l&#8217;une des destinations touristiques les plus importantes de la M\u00e9diterran\u00e9e. Avec plus de 7 km de plages, elle est id\u00e9ale pour les familles qui souhaitent passer des vacances au calme. Chez Brisasol Rentalmar, nous avons une large gamme d&#8217;appartements [&hellip;]<\/p>\n","protected":false},"author":5,"featured_media":0,"parent":562980,"menu_order":0,"comment_status":"closed","ping_status":"closed","template":"elementor_header_footer","meta":{"footnotes":""},"acf":[],"_links":{"self":[{"href":"https:\/\/brisasol.com\/fr\/wp-json\/wp\/v2\/pages\/563008"}],"collection":[{"href":"https:\/\/brisasol.com\/fr\/wp-json\/wp\/v2\/pages"}],"about":[{"href":"https:\/\/brisasol.com\/fr\/wp-json\/wp\/v2\/types\/page"}],"author":[{"embeddable":true,"href":"https:\/\/brisasol.com\/fr\/wp-json\/wp\/v2\/users\/5"}],"replies":[{"embeddable":true,"href":"https:\/\/brisasol.com\/fr\/wp-json\/wp\/v2\/comments?post=563008"}],"version-history":[{"count":11,"href":"https:\/\/brisasol.com\/fr\/wp-json\/wp\/v2\/pages\/563008\/revisions"}],"predecessor-version":[{"id":825041,"href":"https:\/\/brisasol.com\/fr\/wp-json\/wp\/v2\/pages\/563008\/revisions\/825041"}],"up":[{"embeddable":true,"href":"https:\/\/brisasol.com\/fr\/wp-json\/wp\/v2\/pages\/562980"}],"wp:attachment":[{"href":"https:\/\/brisasol.com\/fr\/wp-json\/wp\/v2\/media?parent=563008"}],"curies":[{"name":"wp","href":"https:\/\/api.w.org\/{rel}","templated":true}]}}