{"id":563014,"date":"2021-12-28T14:17:42","date_gmt":"2021-12-28T13:17:42","guid":{"rendered":"https:\/\/brisasol.com\/vacaciones\/apartamentos-miami-playa\/"},"modified":"2022-01-19T12:59:41","modified_gmt":"2022-01-19T11:59:41","slug":"apartamentos-miami-playa","status":"publish","type":"page","link":"https:\/\/brisasol.com\/fr\/vacances\/appartements-miami-playa\/","title":{"rendered":"Appartements \u00e0 Miami Playa"},"content":{"rendered":"\t\t<div data-elementor-type=\"wp-page\" data-elementor-id=\"563014\" class=\"elementor elementor-563014 elementor-562996\">\n\t\t\t\t\t\t\t\t\t<section class=\"elementor-section elementor-top-section elementor-element elementor-element-d90eb2b elementor-section-full_width elementor-section-stretched elementor-section-height-default elementor-section-height-default\" data-id=\"d90eb2b\" data-element_type=\"section\" data-settings=\"{&quot;stretch_section&quot;:&quot;section-stretched&quot;,&quot;ekit_has_onepagescroll_dot&quot;:&quot;yes&quot;}\">\n\t\t\t\t\t\t<div class=\"elementor-container elementor-column-gap-default\">\n\t\t\t\t\t<div class=\"elementor-column elementor-col-50 elementor-top-column elementor-element elementor-element-9aae3b0\" data-id=\"9aae3b0\" data-element_type=\"column\" data-settings=\"{&quot;background_background&quot;:&quot;classic&quot;}\">\n\t\t\t<div class=\"elementor-widget-wrap elementor-element-populated\">\n\t\t\t\t\t<div class=\"elementor-background-overlay\"><\/div>\n\t\t\t\t\t\t\t\t<div class=\"elementor-element elementor-element-5aa0ae3 elementor-widget elementor-widget-heading\" data-id=\"5aa0ae3\" data-element_type=\"widget\" data-settings=\"{&quot;ekit_we_effect_on&quot;:&quot;none&quot;}\" data-widget_type=\"heading.default\">\n\t\t\t\t<div class=\"elementor-widget-container\">\n\t\t\t<h2 class=\"elementor-heading-title elementor-size-default\">Appartements \u00e0 Miami Playa<\/h2>\t\t<\/div>\n\t\t\t\t<\/div>\n\t\t\t\t\t<\/div>\n\t\t<\/div>\n\t\t\t\t<div class=\"elementor-column elementor-col-50 elementor-top-column elementor-element elementor-element-1bd243b\" data-id=\"1bd243b\" data-element_type=\"column\">\n\t\t\t<div class=\"elementor-widget-wrap elementor-element-populated\">\n\t\t\t\t\t\t\t\t<div class=\"elementor-element elementor-element-d0c87b2 elementor-widget elementor-widget-text-editor\" data-id=\"d0c87b2\" data-element_type=\"widget\" data-settings=\"{&quot;ekit_we_effect_on&quot;:&quot;none&quot;}\" data-widget_type=\"text-editor.default\">\n\t\t\t\t<div class=\"elementor-widget-container\">\n\t\t\t\t\t\t\t<p><span style=\"color: black; font-size: 13.5pt;\">Miami Playa est une zone privil\u00e9gi\u00e9e sur la Costa Dorada, parfaite pour ceux qui cherchent \u00e0 passer les vacances dans un entourage paisible. <\/span><\/p>\n<p><span style=\"color: black; font-size: 13.5pt;\">Ses 12 km kilom\u00e8tres des plages de qualit\u00e9 ont re\u00e7u un \u00e9colabel Pavillon Bleu d\u2019Europe accord\u00e9 par l\u2019Union europ\u00e9enne. De plus, tout comme Cambrils, Miami Playa est dot\u00e9e d\u2019une offre gastronomique tr\u00e8s vaste et de tout type de loisirs.<\/span><\/p>\n\t\t\t\t\t\t<\/div>\n\t\t\t\t<\/div>\n\t\t\t\t\t<\/div>\n\t\t<\/div>\n\t\t\t\t\t\t\t<\/div>\n\t\t<\/section>\n\t\t\t\t<section class=\"elementor-section elementor-top-section elementor-element elementor-element-87ce214 elementor-section-boxed elementor-section-height-default elementor-section-height-default\" data-id=\"87ce214\" data-element_type=\"section\" data-settings=\"{&quot;ekit_has_onepagescroll_dot&quot;:&quot;yes&quot;}\">\n\t\t\t\t\t\t<div class=\"elementor-container elementor-column-gap-default\">\n\t\t\t\t\t<div class=\"elementor-column elementor-col-33 elementor-top-column elementor-element elementor-element-27a14c8\" data-id=\"27a14c8\" data-element_type=\"column\">\n\t\t\t<div class=\"elementor-widget-wrap elementor-element-populated\">\n\t\t\t\t\t\t\t\t<div class=\"elementor-element elementor-element-49a8a3d elementor-position-top elementor-widget elementor-widget-image-box\" data-id=\"49a8a3d\" data-element_type=\"widget\" data-settings=\"{&quot;ekit_we_effect_on&quot;:&quot;none&quot;}\" data-widget_type=\"image-box.default\">\n\t\t\t\t<div class=\"elementor-widget-container\">\n\t\t\t<div class=\"elementor-image-box-wrapper\"><figure class=\"elementor-image-box-img\"><img fetchpriority=\"high\" decoding=\"async\" width=\"600\" height=\"401\" src=\"https:\/\/brisasol.com\/wp-content\/uploads\/2022\/01\/Miami-El-Pinar.jpg\" class=\"elementor-animation-grow attachment-full size-full wp-image-671827\" alt=\"\" \/><\/figure><div class=\"elementor-image-box-content\"><h3 class=\"elementor-image-box-title\">Rentalmar el Pinar<\/h3><p class=\"elementor-image-box-description\">Les appartements Rentalmar el Pinar font partie d\u2019un complexe de 15 bungalows situ\u00e9s dans la zone r\u00e9sidentielle V\u00eda Marina, un endroit tranquille \u00e0 3km de la plage et \u00e0 2km du centre-ville.<\/p><\/div><\/div>\t\t<\/div>\n\t\t\t\t<\/div>\n\t\t\t\t<div class=\"elementor-element elementor-element-5fd8026 elementor-align-center elementor-widget elementor-widget-button\" data-id=\"5fd8026\" data-element_type=\"widget\" data-settings=\"{&quot;ekit_we_effect_on&quot;:&quot;none&quot;}\" data-widget_type=\"button.default\">\n\t\t\t\t<div class=\"elementor-widget-container\">\n\t\t\t\t\t<div class=\"elementor-button-wrapper\">\n\t\t\t<a class=\"elementor-button elementor-button-link elementor-size-xs\" href=\"http:\/\/www.adosadoselpinarmiami.com\/fr\/\" target=\"_blank\">\n\t\t\t\t\t\t<span class=\"elementor-button-content-wrapper\">\n\t\t\t\t\t\t<span class=\"elementor-button-text\">Plus d\u2019informations et r\u00e9servations<\/span>\n\t\t<\/span>\n\t\t\t\t\t<\/a>\n\t\t<\/div>\n\t\t\t\t<\/div>\n\t\t\t\t<\/div>\n\t\t\t\t\t<\/div>\n\t\t<\/div>\n\t\t\t\t<div class=\"elementor-column elementor-col-33 elementor-top-column elementor-element elementor-element-8fe4c93\" data-id=\"8fe4c93\" data-element_type=\"column\">\n\t\t\t<div class=\"elementor-widget-wrap elementor-element-populated\">\n\t\t\t\t\t\t\t\t<div class=\"elementor-element elementor-element-961c588 elementor-position-top elementor-widget elementor-widget-image-box\" data-id=\"961c588\" data-element_type=\"widget\" data-settings=\"{&quot;ekit_we_effect_on&quot;:&quot;none&quot;}\" data-widget_type=\"image-box.default\">\n\t\t\t\t<div class=\"elementor-widget-container\">\n\t\t\t<div class=\"elementor-image-box-wrapper\"><figure class=\"elementor-image-box-img\"><img decoding=\"async\" width=\"600\" height=\"400\" src=\"https:\/\/brisasol.com\/wp-content\/uploads\/2022\/01\/Miami-Verdi.jpg\" class=\"elementor-animation-grow attachment-full size-full wp-image-671831\" alt=\"\" \/><\/figure><div class=\"elementor-image-box-content\"><h3 class=\"elementor-image-box-title\">Rentalmar Verdi<\/h3><p class=\"elementor-image-box-description\">Ces 20 nouvelles villas jumel\u00e9es sont situ\u00e9es \u00e0 Casalot pr\u00e8s de Miami Playa. Profitez de vastes zones vertes avec une aire de jeux pour les enfants et une piscine commune.<\/p><\/div><\/div>\t\t<\/div>\n\t\t\t\t<\/div>\n\t\t\t\t<div class=\"elementor-element elementor-element-d09cd79 elementor-align-center elementor-widget elementor-widget-button\" data-id=\"d09cd79\" data-element_type=\"widget\" data-settings=\"{&quot;ekit_we_effect_on&quot;:&quot;none&quot;}\" data-widget_type=\"button.default\">\n\t\t\t\t<div class=\"elementor-widget-container\">\n\t\t\t\t\t<div class=\"elementor-button-wrapper\">\n\t\t\t<a class=\"elementor-button elementor-button-link elementor-size-xs\" href=\"http:\/\/www.adosadosverdimiami.com\/fr\/\" target=\"_blank\">\n\t\t\t\t\t\t<span class=\"elementor-button-content-wrapper\">\n\t\t\t\t\t\t<span class=\"elementor-button-text\">Plus d\u2019informations et r\u00e9servations<\/span>\n\t\t<\/span>\n\t\t\t\t\t<\/a>\n\t\t<\/div>\n\t\t\t\t<\/div>\n\t\t\t\t<\/div>\n\t\t\t\t\t<\/div>\n\t\t<\/div>\n\t\t\t\t<div class=\"elementor-column elementor-col-33 elementor-top-column elementor-element elementor-element-df595d3\" data-id=\"df595d3\" data-element_type=\"column\">\n\t\t\t<div class=\"elementor-widget-wrap elementor-element-populated\">\n\t\t\t\t\t\t\t\t<div class=\"elementor-element elementor-element-3d29c06 elementor-position-top elementor-widget elementor-widget-image-box\" data-id=\"3d29c06\" data-element_type=\"widget\" data-settings=\"{&quot;ekit_we_effect_on&quot;:&quot;none&quot;}\" data-widget_type=\"image-box.default\">\n\t\t\t\t<div class=\"elementor-widget-container\">\n\t\t\t<div class=\"elementor-image-box-wrapper\"><figure class=\"elementor-image-box-img\"><img decoding=\"async\" width=\"600\" height=\"400\" src=\"https:\/\/brisasol.com\/wp-content\/uploads\/2022\/01\/Miami-Bellavista-e1641214341927.jpg\" class=\"elementor-animation-grow attachment-full size-full wp-image-671835\" alt=\"\" \/><\/figure><div class=\"elementor-image-box-content\"><h3 class=\"elementor-image-box-title\">Appartements Bellavista<\/h3><p class=\"elementor-image-box-description\">Pr\u00e8s de la mer, \u00e0 50 m\u00e8tres de la plage, vous trouverez les appartements Bellavista. Ils sont dot\u00e9s de grandes zones vertes et dans les alentours il y a aussi une piscine commune.<\/p><\/div><\/div>\t\t<\/div>\n\t\t\t\t<\/div>\n\t\t\t\t<div class=\"elementor-element elementor-element-da1db07 elementor-align-center elementor-widget elementor-widget-button\" data-id=\"da1db07\" data-element_type=\"widget\" data-settings=\"{&quot;ekit_we_effect_on&quot;:&quot;none&quot;}\" data-widget_type=\"button.default\">\n\t\t\t\t<div class=\"elementor-widget-container\">\n\t\t\t\t\t<div class=\"elementor-button-wrapper\">\n\t\t\t<a class=\"elementor-button elementor-button-link elementor-size-xs\" href=\"https:\/\/www.rentalmar.com\/fr\/appartements-miami-playa\" target=\"_blank\">\n\t\t\t\t\t\t<span class=\"elementor-button-content-wrapper\">\n\t\t\t\t\t\t<span class=\"elementor-button-text\">Plus d\u2019informations et r\u00e9servations<\/span>\n\t\t<\/span>\n\t\t\t\t\t<\/a>\n\t\t<\/div>\n\t\t\t\t<\/div>\n\t\t\t\t<\/div>\n\t\t\t\t\t<\/div>\n\t\t<\/div>\n\t\t\t\t\t\t\t<\/div>\n\t\t<\/section>\n\t\t\t\t<section class=\"elementor-section elementor-top-section elementor-element elementor-element-817871a elementor-section-boxed elementor-section-height-default elementor-section-height-default\" data-id=\"817871a\" data-element_type=\"section\" data-settings=\"{&quot;ekit_has_onepagescroll_dot&quot;:&quot;yes&quot;}\">\n\t\t\t\t\t\t<div class=\"elementor-container elementor-column-gap-default\">\n\t\t\t\t\t<div class=\"elementor-column elementor-col-33 elementor-top-column elementor-element elementor-element-b4bfed7\" data-id=\"b4bfed7\" data-element_type=\"column\">\n\t\t\t<div class=\"elementor-widget-wrap elementor-element-populated\">\n\t\t\t\t\t\t\t\t<div class=\"elementor-element elementor-element-c7210fe elementor-position-top elementor-widget elementor-widget-image-box\" data-id=\"c7210fe\" data-element_type=\"widget\" data-settings=\"{&quot;ekit_we_effect_on&quot;:&quot;none&quot;}\" data-widget_type=\"image-box.default\">\n\t\t\t\t<div class=\"elementor-widget-container\">\n\t\t\t<div class=\"elementor-image-box-wrapper\"><figure class=\"elementor-image-box-img\"><img loading=\"lazy\" decoding=\"async\" width=\"600\" height=\"400\" src=\"https:\/\/brisasol.com\/wp-content\/uploads\/2022\/01\/Miami-Calas-II-e1641214305795.jpg\" class=\"elementor-animation-grow attachment-full size-full wp-image-671839\" alt=\"\" \/><\/figure><div class=\"elementor-image-box-content\"><h3 class=\"elementor-image-box-title\">Appartements Calas II<\/h3><p class=\"elementor-image-box-description\">Ces sont les appartements situ\u00e9s dans le Passage M\u00e9diterran\u00e9en, pr\u00e8s de la mer et \u00e0 seulement 80 m\u00e8tres de la plage et \u00e0 environ 300 m\u00e8tres du centre de Miami Playa.<\/p><\/div><\/div>\t\t<\/div>\n\t\t\t\t<\/div>\n\t\t\t\t<div class=\"elementor-element elementor-element-95ddf9c elementor-align-center elementor-widget elementor-widget-button\" data-id=\"95ddf9c\" data-element_type=\"widget\" data-settings=\"{&quot;ekit_we_effect_on&quot;:&quot;none&quot;}\" data-widget_type=\"button.default\">\n\t\t\t\t<div class=\"elementor-widget-container\">\n\t\t\t\t\t<div class=\"elementor-button-wrapper\">\n\t\t\t<a class=\"elementor-button elementor-button-link elementor-size-xs\" href=\"https:\/\/www.rentalmar.com\/fr\/appartements-miami-playa\" target=\"_blank\">\n\t\t\t\t\t\t<span class=\"elementor-button-content-wrapper\">\n\t\t\t\t\t\t<span class=\"elementor-button-text\">Plus d\u2019informations et r\u00e9servations<\/span>\n\t\t<\/span>\n\t\t\t\t\t<\/a>\n\t\t<\/div>\n\t\t\t\t<\/div>\n\t\t\t\t<\/div>\n\t\t\t\t\t<\/div>\n\t\t<\/div>\n\t\t\t\t<div class=\"elementor-column elementor-col-33 elementor-top-column elementor-element elementor-element-941bd78\" data-id=\"941bd78\" data-element_type=\"column\">\n\t\t\t<div class=\"elementor-widget-wrap elementor-element-populated\">\n\t\t\t\t\t\t\t\t<div class=\"elementor-element elementor-element-fc029ff elementor-position-top elementor-widget elementor-widget-image-box\" data-id=\"fc029ff\" data-element_type=\"widget\" data-settings=\"{&quot;ekit_we_effect_on&quot;:&quot;none&quot;}\" data-widget_type=\"image-box.default\">\n\t\t\t\t<div class=\"elementor-widget-container\">\n\t\t\t<div class=\"elementor-image-box-wrapper\"><figure class=\"elementor-image-box-img\"><img loading=\"lazy\" decoding=\"async\" width=\"600\" height=\"400\" src=\"https:\/\/brisasol.com\/wp-content\/uploads\/2022\/01\/Miami-Gavina-dOr.jpg\" class=\"elementor-animation-grow attachment-full size-full wp-image-671843\" alt=\"\" \/><\/figure><div class=\"elementor-image-box-content\"><h3 class=\"elementor-image-box-title\">Appartements Gavina d\u2019Or<\/h3><p class=\"elementor-image-box-description\">Cet immeuble de 5 \u00e9tages, ouvert en 2002 est dot\u00e9 d\u2019une excellente localisation juste \u00e0 c\u00f4t\u00e9 de la mer. Seulement quelques escaliers vous s\u00e9parent de \u201cCala de las Sirenas\u201d. Tous les appartements offrent une vue sur la mer.<\/p><\/div><\/div>\t\t<\/div>\n\t\t\t\t<\/div>\n\t\t\t\t<div class=\"elementor-element elementor-element-cbc5474 elementor-align-center elementor-widget elementor-widget-button\" data-id=\"cbc5474\" data-element_type=\"widget\" data-settings=\"{&quot;ekit_we_effect_on&quot;:&quot;none&quot;}\" data-widget_type=\"button.default\">\n\t\t\t\t<div class=\"elementor-widget-container\">\n\t\t\t\t\t<div class=\"elementor-button-wrapper\">\n\t\t\t<a class=\"elementor-button elementor-button-link elementor-size-xs\" href=\"http:\/\/www.apartamentosgavinadormiami.com\/fr\/\" target=\"_blank\">\n\t\t\t\t\t\t<span class=\"elementor-button-content-wrapper\">\n\t\t\t\t\t\t<span class=\"elementor-button-text\">Plus d\u2019informations et r\u00e9servations<\/span>\n\t\t<\/span>\n\t\t\t\t\t<\/a>\n\t\t<\/div>\n\t\t\t\t<\/div>\n\t\t\t\t<\/div>\n\t\t\t\t\t<\/div>\n\t\t<\/div>\n\t\t\t\t<div class=\"elementor-column elementor-col-33 elementor-top-column elementor-element elementor-element-6e5a7ab\" data-id=\"6e5a7ab\" data-element_type=\"column\">\n\t\t\t<div class=\"elementor-widget-wrap elementor-element-populated\">\n\t\t\t\t\t\t\t\t<div class=\"elementor-element elementor-element-e4912a8 elementor-position-top elementor-widget elementor-widget-image-box\" data-id=\"e4912a8\" data-element_type=\"widget\" data-settings=\"{&quot;ekit_we_effect_on&quot;:&quot;none&quot;}\" data-widget_type=\"image-box.default\">\n\t\t\t\t<div class=\"elementor-widget-container\">\n\t\t\t<div class=\"elementor-image-box-wrapper\"><figure class=\"elementor-image-box-img\"><img loading=\"lazy\" decoding=\"async\" width=\"600\" height=\"400\" src=\"https:\/\/brisasol.com\/wp-content\/uploads\/2022\/01\/Miami-La-Joya-e1641214276184.jpg\" class=\"elementor-animation-grow attachment-full size-full wp-image-671847\" alt=\"\" \/><\/figure><div class=\"elementor-image-box-content\"><h3 class=\"elementor-image-box-title\">Appartements La Joya<\/h3><p class=\"elementor-image-box-description\">Les appartements La Joya se trouvent sur le Passage M\u00e9diterran\u00e9en. Ils sont situ\u00e9s juste en face de la mer et vous b\u00e9n\u00e9ficiez d\u2019un acc\u00e8s direct \u00e0 la plage \u00e0 quelques escaliers pr\u00e8s. Le centre-ville de Miami Playa est situ\u00e9 \u00e0 une distance de 300 m\u00e8tres seulement.<\/p><\/div><\/div>\t\t<\/div>\n\t\t\t\t<\/div>\n\t\t\t\t<div class=\"elementor-element elementor-element-542be86 elementor-align-center elementor-widget elementor-widget-button\" data-id=\"542be86\" data-element_type=\"widget\" data-settings=\"{&quot;ekit_we_effect_on&quot;:&quot;none&quot;}\" data-widget_type=\"button.default\">\n\t\t\t\t<div class=\"elementor-widget-container\">\n\t\t\t\t\t<div class=\"elementor-button-wrapper\">\n\t\t\t<a class=\"elementor-button elementor-button-link elementor-size-xs\" href=\"https:\/\/www.rentalmar.com\/fr\/appartements-miami-playa\" target=\"_blank\">\n\t\t\t\t\t\t<span class=\"elementor-button-content-wrapper\">\n\t\t\t\t\t\t<span class=\"elementor-button-text\">Plus d\u2019informations et r\u00e9servations<\/span>\n\t\t<\/span>\n\t\t\t\t\t<\/a>\n\t\t<\/div>\n\t\t\t\t<\/div>\n\t\t\t\t<\/div>\n\t\t\t\t\t<\/div>\n\t\t<\/div>\n\t\t\t\t\t\t\t<\/div>\n\t\t<\/section>\n\t\t\t\t<section class=\"elementor-section elementor-top-section elementor-element elementor-element-518fa8b elementor-section-boxed elementor-section-height-default elementor-section-height-default\" data-id=\"518fa8b\" data-element_type=\"section\" data-settings=\"{&quot;ekit_has_onepagescroll_dot&quot;:&quot;yes&quot;}\">\n\t\t\t\t\t\t<div class=\"elementor-container elementor-column-gap-default\">\n\t\t\t\t\t<div class=\"elementor-column elementor-col-100 elementor-top-column elementor-element elementor-element-aef93d4\" data-id=\"aef93d4\" data-element_type=\"column\">\n\t\t\t<div class=\"elementor-widget-wrap elementor-element-populated\">\n\t\t\t\t\t\t\t\t<div class=\"elementor-element elementor-element-4f8d436 elementor-widget elementor-widget-spacer\" data-id=\"4f8d436\" data-element_type=\"widget\" data-settings=\"{&quot;ekit_we_effect_on&quot;:&quot;none&quot;}\" data-widget_type=\"spacer.default\">\n\t\t\t\t<div class=\"elementor-widget-container\">\n\t\t\t\t\t<div class=\"elementor-spacer\">\n\t\t\t<div class=\"elementor-spacer-inner\"><\/div>\n\t\t<\/div>\n\t\t\t\t<\/div>\n\t\t\t\t<\/div>\n\t\t\t\t\t<\/div>\n\t\t<\/div>\n\t\t\t\t\t\t\t<\/div>\n\t\t<\/section>\n\t\t\t\t\t\t\t<\/div>\n\t\t\n    <div class=\"xs_social_share_widget xs_share_url after_content \t\tmain_content  wslu-style-1 wslu-share-box-shaped wslu-fill-colored wslu-none wslu-share-horizontal wslu-theme-font-no wslu-main_content\">\n\n\t\t\n        <ul>\n\t\t\t        <\/ul>\n    <\/div> \n","protected":false},"excerpt":{"rendered":"<p>Appartements \u00e0 Miami Playa Miami Playa est une zone privil\u00e9gi\u00e9e sur la Costa Dorada, parfaite pour ceux qui cherchent \u00e0 passer les vacances dans un entourage paisible. Ses 12 km kilom\u00e8tres des plages de qualit\u00e9 ont re\u00e7u un \u00e9colabel Pavillon Bleu d\u2019Europe accord\u00e9 par l\u2019Union europ\u00e9enne. De plus, tout comme Cambrils, Miami Playa est dot\u00e9e [&hellip;]<\/p>\n","protected":false},"author":5,"featured_media":0,"parent":562980,"menu_order":0,"comment_status":"closed","ping_status":"closed","template":"elementor_header_footer","meta":{"footnotes":""},"acf":[],"_links":{"self":[{"href":"https:\/\/brisasol.com\/fr\/wp-json\/wp\/v2\/pages\/563014"}],"collection":[{"href":"https:\/\/brisasol.com\/fr\/wp-json\/wp\/v2\/pages"}],"about":[{"href":"https:\/\/brisasol.com\/fr\/wp-json\/wp\/v2\/types\/page"}],"author":[{"embeddable":true,"href":"https:\/\/brisasol.com\/fr\/wp-json\/wp\/v2\/users\/5"}],"replies":[{"embeddable":true,"href":"https:\/\/brisasol.com\/fr\/wp-json\/wp\/v2\/comments?post=563014"}],"version-history":[{"count":6,"href":"https:\/\/brisasol.com\/fr\/wp-json\/wp\/v2\/pages\/563014\/revisions"}],"predecessor-version":[{"id":900012,"href":"https:\/\/brisasol.com\/fr\/wp-json\/wp\/v2\/pages\/563014\/revisions\/900012"}],"up":[{"embeddable":true,"href":"https:\/\/brisasol.com\/fr\/wp-json\/wp\/v2\/pages\/562980"}],"wp:attachment":[{"href":"https:\/\/brisasol.com\/fr\/wp-json\/wp\/v2\/media?parent=563014"}],"curies":[{"name":"wp","href":"https:\/\/api.w.org\/{rel}","templated":true}]}}